{"id":723,"date":"2015-08-01T14:43:08","date_gmt":"2015-08-01T12:43:08","guid":{"rendered":"http:\/\/nosade.com\/?page_id=723"},"modified":"2018-01-10T15:59:14","modified_gmt":"2018-01-10T14:59:14","slug":"referenzen","status":"publish","type":"page","link":"https:\/\/nosade.com\/de\/referenzen\/","title":{"rendered":"G\u00e4stebewertungen"},"content":{"rendered":"<div class=\"rating-slider has-logo clearfix\" data-speed=\"9500\"><span class=\"logo\"><a href=\"https:\/\/www.tripadvisor.de\/Attraction_Review-g304017-d7650534-Reviews-Nosade_Day_Tours-Merzouga_Meknes_Tafilalet_Region.html\" target=\"_blank\"><img decoding=\"async\" src=\"https:\/\/nosade.com\/wp-content\/uploads\/tripadvisor_DE_ReviewUs_white-e1513533812389.jpg\" alt=\"\"><\/a><\/span><div class=\"slider\"><div class=\"slick clearfix\"><div class=\"slide\">\u201eDas Nosadeteam versteht es, sich auf jeden einzelnen Teilnehmer einzustellen und W\u00fcnsche zus\u00e4tzlich zum geplanten Programm zu erf\u00fcllen (&#8230;) Auch bei der Yogapraxis kommt jeder Reisende auf seine Kosten, weil auf die unterschiedlichen Yogavorkenntnisse und F\u00e4higkeiten durch professionelle Lehrer eingegangen wird&#8230;\u201c<\/div><div class=\"slide\">\u201eMarrakech in all seinen Facetten und dazu die Ruhe des Riads mitten im Get\u00fcmmel, tolles Yoga und fantastisches Essen &#8211; mehr kann man von einem entspannten Jahreswechsel nicht erwarten. Tolle Organisation und nette Menschen! Eine Reise mit Nosade kann ich jedem empfehlen&#8230;\u201c<\/div><div class=\"slide\">\u201eEntspanntheit und Ruhe an der marokkanischen Atlantikk\u00fcste in wunderbarer Einheit mit Yoga.\u00a0Alles was man braucht, um K\u00f6rper und Geist in Einklang zu bringen.\u00a0Mit Nosade verreisen hei\u00dft in einer individuellen, entspannten und einzigartig unaufgeregten Mischung die vielen Facetten Marokkos n\u00e4her gebracht zu bekommen&#8230;.\u201c<\/div><div class=\"slide\">\u201eA trip of a lifetime! Das war das Fazit einer Mitreisenden nach unserer letzten Yogasession zum Abschluss der Reise zur\u00fcck in Marrakech. Hinter uns lagen unvergessliche Tage zwischen dem lauten, bunten und wuseligen Marrkakech und der Ruhe und Weite der W\u00fcste um Merzouga&#8230;\u201c<\/div><div class=\"slide\">\u201eDie Reise mit Nosade bot genau die richtige Mischung aus Ruhe und Erholung beim t\u00e4glichen Yoga wie auch verschiedene Stationen, um Marokko zu entdecken! Die Unterk\u00fcnfte waren alle gut ausgew\u00e4hlt, wir wurden \u00fcberall herzlich empfangen und das Essen in der W\u00fcste war hervorragend&#8230;\u201c<\/div><div class=\"slide\">\u201eAbsolut empfehlenswert! Tolle Yoga Stunden, ausgeglichenes Programm mit Zeit f\u00fcr sich selbst, um die Stadt zu erkunden, lustige Gruppe und wundersch\u00f6nes Riad mit leckerem Essen. Yoga Teacher war hervorragend und inspirierend. Marrakesch als pulsierende Stadt und trotzdem Entspannung&#8230;\u201c<\/div><\/div><span class=\"more clearfix\"><a href=\"https:\/\/www.tripadvisor.de\/Attraction_Review-g304017-d7650534-Reviews-Nosade_Day_Tours-Merzouga_Meknes_Tafilalet_Region.html\" target=\"_blank\">MEHR AUF TRIPADVISOR ERFAHREN<\/a><\/span><\/div><\/div>\n\n<!-- BEGIN .third columns -->\n<div class=\"third columns\">\n\n\t<!-- BEGIN .post class -->\n\t<div class=\"post-holder post-723 page type-page status-publish hentry\">\n\n\t\t\t\t\t<img decoding=\"async\" src=\"https:\/\/nosade.com\/wp-content\/uploads\/simon-nosade.jpg\" alt=\"Simon,<br \/>Antwerpen<\/br>\">\t\t\n\t\t<!-- BEGIN .intro -->\n\t\t<div class=\"intro\">\n\t\t\t<h3 class=\"title\">Simon,<br \/>Antwerpen<\/br><\/h3>\n\t\t<!-- END .intro -->\n\t\t<\/div>\n\n\t\t<!-- BEGIN .article -->\n\t\t<div class=\"article\">\n\n\t\t\t<p>Bewusste Bewegung! Komfortzonen verlassen, offen sein f\u00fcr Ver\u00e4nderung, um Dinge gleichbleibend erleben zu k\u00f6nnen. Das konnte ich von meiner Reise mitnehmen. Ich habe das Retreat geerdet und fokussiert, um eine au\u00dfergew\u00f6hnliche Erfahrung reicher, verlassen.<\/p>\n\n\t\t\t\n\t\t<!-- END .article -->\n\t\t<\/div>\n\n\t<!-- END .post class -->\n\t<\/div>\n\n<!-- END .third columns -->\n<\/div>\n \n<!-- BEGIN .third columns -->\n<div class=\"third columns\">\n\n\t<!-- BEGIN .post class -->\n\t<div class=\"post-holder post-723 page type-page status-publish hentry\">\n\n\t\t\t\t\t<img decoding=\"async\" src=\"https:\/\/nosade.com\/wp-content\/uploads\/Testimonial-Rita_Source-NOSADE.png\" alt=\"Rita,<br \/>Bayreuth<\/br>\">\t\t\n\t\t<!-- BEGIN .intro -->\n\t\t<div class=\"intro\">\n\t\t\t<h3 class=\"title\">Rita,<br \/>Bayreuth<\/br><\/h3>\n\t\t<!-- END .intro -->\n\t\t<\/div>\n\n\t\t<!-- BEGIN .article -->\n\t\t<div class=\"article\">\n\n\t\t\t<p>Die Sahara und Marokko in ihrer reinsten Form! Endlose Meere aus Sandd\u00fcnen, authentische kulturelle Einblicke und Erfahrungen und perfekte organisatorische Arbeit von NOSADE machten diese Reise nicht nur empfehlenswert sondern wirklich unvergesslich.<\/p>\n\n\t\t\t\n\t\t<!-- END .article -->\n\t\t<\/div>\n\n\t<!-- END .post class -->\n\t<\/div>\n\n<!-- END .third columns -->\n<\/div>\n \n<!-- BEGIN .third columns -->\n<div class=\"third columns\">\n\n\t<!-- BEGIN .post class -->\n\t<div class=\"post-holder post-723 page type-page status-publish hentry\">\n\n\t\t\t\t\t<img decoding=\"async\" src=\"https:\/\/nosade.com\/wp-content\/uploads\/Testimonial-Christin-Pero_Source-NOSADE.jpg\" alt=\"Christin &amp; Pero, Berlin\">\t\t\n\t\t<!-- BEGIN .intro -->\n\t\t<div class=\"intro\">\n\t\t\t<h3 class=\"title\">Christin &amp; Pero, Berlin<\/h3>\n\t\t<!-- END .intro -->\n\t\t<\/div>\n\n\t\t<!-- BEGIN .article -->\n\t\t<div class=\"article\">\n\n\t\t\t<p>Wir sind 14 Tage mit NOSADE durch Marokko gereist, haben die sch\u00f6nsten & einsamsten Pl\u00e4tze des Landes besucht, w\u00e4hrend wir viel \u00fcber die reiche Kultur, \u00fcber Traditionen & die Natur erfahren konnten. Wir haben jeden Augenblick dieser Reise genossen!<\/p>\n\n\t\t\t\n\t\t<!-- END .article -->\n\t\t<\/div>\n\n\t<!-- END .post class -->\n\t<\/div>\n\n<!-- END .third columns -->\n<\/div>\n\n","protected":false},"excerpt":{"rendered":"<p>Lass Dich von den Meinungen unserer Mitreisenden mitrei\u00dfen und \u00fcberzeugen! Lies die Referenzen und erfahre mehr \u00fcber NOSADE als Reiseanbieter&#8230;<\/p>\n","protected":false},"author":1,"featured_media":0,"parent":0,"menu_order":0,"comment_status":"closed","ping_status":"closed","template":"template-full.php","meta":{"_acf_changed":false,"footnotes":""},"class_list":["post-723","page","type-page","status-publish","hentry"],"acf":[],"yoast_head":"<!-- This site is optimized with the Yoast SEO plugin v26.5 - https:\/\/yoast.com\/wordpress\/plugins\/seo\/ -->\n<title>Referenzen - nosade.de<\/title>\n<meta name=\"description\" content=\"Lass Dich von den Meinungen unserer Mitreisenden mitrei\u00dfen und \u00fcberzeugen! Lies die Referenzen und erfahre mehr \u00fcber NOSADE als Reiseanbieter...\" \/>\n<meta name=\"robots\" content=\"index, follow, max-snippet:-1, max-image-preview:large, max-video-preview:-1\" \/>\n<link rel=\"canonical\" href=\"https:\/\/nosade.com\/de\/referenzen\/\" \/>\n<meta property=\"og:locale\" content=\"de_DE\" \/>\n<meta property=\"og:type\" content=\"article\" \/>\n<meta property=\"og:title\" content=\"Referenzen - nosade.de\" \/>\n<meta property=\"og:description\" content=\"Lass Dich von den Meinungen unserer Mitreisenden mitrei\u00dfen und \u00fcberzeugen! Lies die Referenzen und erfahre mehr \u00fcber NOSADE als Reiseanbieter...\" \/>\n<meta property=\"og:url\" content=\"https:\/\/nosade.com\/de\/referenzen\/\" \/>\n<meta property=\"og:site_name\" content=\"NOSADE\" \/>\n<meta property=\"article:modified_time\" content=\"2018-01-10T14:59:14+00:00\" \/>\n<meta name=\"twitter:label1\" content=\"Gesch\u00e4tzte Lesezeit\" \/>\n\t<meta name=\"twitter:data1\" content=\"2\u00a0Minuten\" \/>\n<script type=\"application\/ld+json\" class=\"yoast-schema-graph\">{\"@context\":\"https:\/\/schema.org\",\"@graph\":[{\"@type\":\"WebPage\",\"@id\":\"https:\/\/nosade.com\/de\/referenzen\/\",\"url\":\"https:\/\/nosade.com\/de\/referenzen\/\",\"name\":\"Referenzen - nosade.de\",\"isPartOf\":{\"@id\":\"https:\/\/nosade.com\/de\/#website\"},\"datePublished\":\"2015-08-01T12:43:08+00:00\",\"dateModified\":\"2018-01-10T14:59:14+00:00\",\"description\":\"Lass Dich von den Meinungen unserer Mitreisenden mitrei\u00dfen und \u00fcberzeugen! Lies die Referenzen und erfahre mehr \u00fcber NOSADE als Reiseanbieter...\",\"breadcrumb\":{\"@id\":\"https:\/\/nosade.com\/de\/referenzen\/#breadcrumb\"},\"inLanguage\":\"de\",\"potentialAction\":[{\"@type\":\"ReadAction\",\"target\":[\"https:\/\/nosade.com\/de\/referenzen\/\"]}]},{\"@type\":\"BreadcrumbList\",\"@id\":\"https:\/\/nosade.com\/de\/referenzen\/#breadcrumb\",\"itemListElement\":[{\"@type\":\"ListItem\",\"position\":1,\"name\":\"Home\",\"item\":\"https:\/\/nosade.com\/de\/\"},{\"@type\":\"ListItem\",\"position\":2,\"name\":\"G\u00e4stebewertungen\"}]},{\"@type\":\"WebSite\",\"@id\":\"https:\/\/nosade.com\/de\/#website\",\"url\":\"https:\/\/nosade.com\/de\/\",\"name\":\"NOSADE\",\"description\":\"Yoga Reisen & Sahara W\u00fcstentouren f\u00fcr Nomadenherzen\",\"potentialAction\":[{\"@type\":\"SearchAction\",\"target\":{\"@type\":\"EntryPoint\",\"urlTemplate\":\"https:\/\/nosade.com\/de\/?s={search_term_string}\"},\"query-input\":{\"@type\":\"PropertyValueSpecification\",\"valueRequired\":true,\"valueName\":\"search_term_string\"}}],\"inLanguage\":\"de\"}]}<\/script>\n<!-- \/ Yoast SEO plugin. -->","yoast_head_json":{"title":"Referenzen - nosade.de","description":"Lass Dich von den Meinungen unserer Mitreisenden mitrei\u00dfen und \u00fcberzeugen! Lies die Referenzen und erfahre mehr \u00fcber NOSADE als Reiseanbieter...","robots":{"index":"index","follow":"follow","max-snippet":"max-snippet:-1","max-image-preview":"max-image-preview:large","max-video-preview":"max-video-preview:-1"},"canonical":"https:\/\/nosade.com\/de\/referenzen\/","og_locale":"de_DE","og_type":"article","og_title":"Referenzen - nosade.de","og_description":"Lass Dich von den Meinungen unserer Mitreisenden mitrei\u00dfen und \u00fcberzeugen! Lies die Referenzen und erfahre mehr \u00fcber NOSADE als Reiseanbieter...","og_url":"https:\/\/nosade.com\/de\/referenzen\/","og_site_name":"NOSADE","article_modified_time":"2018-01-10T14:59:14+00:00","twitter_misc":{"Gesch\u00e4tzte Lesezeit":"2\u00a0Minuten"},"schema":{"@context":"https:\/\/schema.org","@graph":[{"@type":"WebPage","@id":"https:\/\/nosade.com\/de\/referenzen\/","url":"https:\/\/nosade.com\/de\/referenzen\/","name":"Referenzen - nosade.de","isPartOf":{"@id":"https:\/\/nosade.com\/de\/#website"},"datePublished":"2015-08-01T12:43:08+00:00","dateModified":"2018-01-10T14:59:14+00:00","description":"Lass Dich von den Meinungen unserer Mitreisenden mitrei\u00dfen und \u00fcberzeugen! Lies die Referenzen und erfahre mehr \u00fcber NOSADE als Reiseanbieter...","breadcrumb":{"@id":"https:\/\/nosade.com\/de\/referenzen\/#breadcrumb"},"inLanguage":"de","potentialAction":[{"@type":"ReadAction","target":["https:\/\/nosade.com\/de\/referenzen\/"]}]},{"@type":"BreadcrumbList","@id":"https:\/\/nosade.com\/de\/referenzen\/#breadcrumb","itemListElement":[{"@type":"ListItem","position":1,"name":"Home","item":"https:\/\/nosade.com\/de\/"},{"@type":"ListItem","position":2,"name":"G\u00e4stebewertungen"}]},{"@type":"WebSite","@id":"https:\/\/nosade.com\/de\/#website","url":"https:\/\/nosade.com\/de\/","name":"NOSADE","description":"Yoga Reisen & Sahara W\u00fcstentouren f\u00fcr Nomadenherzen","potentialAction":[{"@type":"SearchAction","target":{"@type":"EntryPoint","urlTemplate":"https:\/\/nosade.com\/de\/?s={search_term_string}"},"query-input":{"@type":"PropertyValueSpecification","valueRequired":true,"valueName":"search_term_string"}}],"inLanguage":"de"}]}},"_links":{"self":[{"href":"https:\/\/nosade.com\/de\/wp-json\/wp\/v2\/pages\/723","targetHints":{"allow":["GET"]}}],"collection":[{"href":"https:\/\/nosade.com\/de\/wp-json\/wp\/v2\/pages"}],"about":[{"href":"https:\/\/nosade.com\/de\/wp-json\/wp\/v2\/types\/page"}],"author":[{"embeddable":true,"href":"https:\/\/nosade.com\/de\/wp-json\/wp\/v2\/users\/1"}],"replies":[{"embeddable":true,"href":"https:\/\/nosade.com\/de\/wp-json\/wp\/v2\/comments?post=723"}],"version-history":[{"count":12,"href":"https:\/\/nosade.com\/de\/wp-json\/wp\/v2\/pages\/723\/revisions"}],"predecessor-version":[{"id":6004,"href":"https:\/\/nosade.com\/de\/wp-json\/wp\/v2\/pages\/723\/revisions\/6004"}],"wp:attachment":[{"href":"https:\/\/nosade.com\/de\/wp-json\/wp\/v2\/media?parent=723"}],"curies":[{"name":"wp","href":"https:\/\/api.w.org\/{rel}","templated":true}]}}