{"id":641,"date":"2015-05-25T13:31:13","date_gmt":"2015-05-25T11:31:13","guid":{"rendered":"http:\/\/nosade.com\/?page_id=641"},"modified":"2016-05-01T12:13:51","modified_gmt":"2016-05-01T10:13:51","slug":"philosophie","status":"publish","type":"page","link":"https:\/\/nosade.com\/de\/philosophie\/","title":{"rendered":"Philosophie"},"content":{"rendered":"<div class=\"box-container clearfix about\">Mit NOSADE zu reisen bedeutet Marokko authentisch zu erleben, die unendliche Weite und nat\u00fcrlichen Sch\u00e4tze des Landes zu erkunden. Es bedeutet, die reiche Berberkultur und das Nomadentum\u00a0hautnah zu erleben, zu erfahren was Marokko seit Jahrtausenden\u00a0zeichnet.<\/div>\n<div class=\"box-container clearfix about\"><\/div>\n<div class=\"box-container clearfix about\">NOSADE gestaltet individuelle und unvergessliche Reisen f\u00fcr alle diejenigen von Euch, die danach suchen, endlose Weiten, unber\u00fchrte und wundersch\u00f6ne Natur eingebunden in eine\u00a0inspirierende wie faszinierende Kultur zu erleben.<\/div>\n<div class=\"box-container clearfix about\"><\/div>\n<div class=\"box-container clearfix about\">Auf unseren <a href=\"http:\/\/nosade.com\/de\/marokko-yoga-retreats\/\">Yoga Retreats<\/a>, <a href=\"http:\/\/nosade.com\/de\/wuestentouren\/\">W\u00fcstentouren<\/a>\u00a0und Touren durch ganz Marokko, sowie mit einer Reihe\u00a0<a href=\"http:\/\/nosade.com\/de\/marrakesch-deals\/\">exklusiver und individueller Marrakesch Deals <\/a>erm\u00f6glichen wir Dir\u00a0genau das!<\/div>\n<div class=\"box-container clearfix about\">Unser <a href=\"http:\/\/nosade.com\/de\/team-nosade\/\">Team<\/a> von erfahrenen Reisef\u00fchrern und exzellent ausgebildeten <a href=\"http:\/\/nosade.com\/de\/lehrer\/\">Yoga\u00a0Lehrern<\/a> sorgt daf\u00fcr, dass Dein\u00a0Marokko Urlaub zu einer unvergesslichen Reise wird.<\/div>\n<div class=\"box-container clearfix about\"><\/div>\n<div class=\"box-container clearfix about\">Wir reisen auf unseren Gruppenreisen immer in kleinen Gruppen, die es erm\u00f6glichen, sehr individuell auf die Bed\u00fcrfnisse unserer G\u00e4ste einzugehen und unserem Anspruch des sanften Tourismus gerecht werden zu k\u00f6nnen. Ebenso halten wir es auf den Individual-Reisen, die immer speziell und individuell an die W\u00fcnsche jedes Einzelnen angepasst werden.<\/div>\n<div class=\"box-container clearfix about\"><\/div>\n<div class=\"box-container clearfix about\">NOSADE\u00a0stellt angemessene Geh\u00e4lter f\u00fcr das gesamte <a href=\"http:\/\/nosade.com\/de\/team-nosade\/\">Team<\/a> sicher, um so einen\u00a0Beitrag zur Verbesserung der Lebensbedingungen vor Ort zu leisten. Au\u00dferdem ist es\u00a0NOSADE\u00a0ein gro\u00dfes Anliegen, die Rechte und Einbindung der Frauen der sich noch entwickelnden Gegenden im S\u00fcden des Landes zu wahren und weiter zu entwickeln.<\/div>\n","protected":false},"excerpt":{"rendered":"<p>Mit NOSADE zu reisen bedeutet Marokko authentisch zu erleben, die unendliche Weite und nat\u00fcrlichen Sch\u00e4tze des Landes zu erkunden. Es bedeutet, die reiche Berberkultur und das Nomadentum hautnah zu erleben, was Marokko seit Jahrtausenden zeichnet.<\/p>\n","protected":false},"author":1,"featured_media":825,"parent":0,"menu_order":0,"comment_status":"closed","ping_status":"closed","template":"template-full.php","meta":{"_acf_changed":false,"footnotes":""},"class_list":["post-641","page","type-page","status-publish","has-post-thumbnail","hentry"],"acf":[],"yoast_head":"<!-- This site is optimized with the Yoast SEO plugin v26.5 - https:\/\/yoast.com\/wordpress\/plugins\/seo\/ -->\n<title>Philosophie NOSADE - Marokko authentisch erleben<\/title>\n<meta name=\"description\" content=\"Mit NOSADE zu reisen bedeutet Marokko authentisch zu erleben, die unendliche Weite und nat\u00fcrlichen Sch\u00e4tze des Landes zu erkunden.\" \/>\n<meta name=\"robots\" content=\"index, follow, max-snippet:-1, max-image-preview:large, max-video-preview:-1\" \/>\n<link rel=\"canonical\" href=\"https:\/\/nosade.com\/de\/philosophie\/\" \/>\n<meta property=\"og:locale\" content=\"de_DE\" \/>\n<meta property=\"og:type\" content=\"article\" \/>\n<meta property=\"og:title\" content=\"Philosophie NOSADE - Marokko authentisch erleben\" \/>\n<meta property=\"og:description\" content=\"Mit NOSADE zu reisen bedeutet Marokko authentisch zu erleben, die unendliche Weite und nat\u00fcrlichen Sch\u00e4tze des Landes zu erkunden.\" \/>\n<meta property=\"og:url\" content=\"https:\/\/nosade.com\/de\/philosophie\/\" \/>\n<meta property=\"og:site_name\" content=\"NOSADE\" \/>\n<meta property=\"article:modified_time\" content=\"2016-05-01T10:13:51+00:00\" \/>\n<meta property=\"og:image\" content=\"https:\/\/nosade.com\/wp-content\/uploads\/Toubkal-National-Park_Source-NOSADE.jpg\" \/>\n\t<meta property=\"og:image:width\" content=\"1800\" \/>\n\t<meta property=\"og:image:height\" content=\"720\" \/>\n\t<meta property=\"og:image:type\" content=\"image\/jpeg\" \/>\n<meta name=\"twitter:label1\" content=\"Gesch\u00e4tzte Lesezeit\" \/>\n\t<meta name=\"twitter:data1\" content=\"1\u00a0Minute\" \/>\n<script type=\"application\/ld+json\" class=\"yoast-schema-graph\">{\"@context\":\"https:\/\/schema.org\",\"@graph\":[{\"@type\":\"WebPage\",\"@id\":\"https:\/\/nosade.com\/de\/philosophie\/\",\"url\":\"https:\/\/nosade.com\/de\/philosophie\/\",\"name\":\"Philosophie NOSADE - Marokko authentisch erleben\",\"isPartOf\":{\"@id\":\"https:\/\/nosade.com\/de\/#website\"},\"primaryImageOfPage\":{\"@id\":\"https:\/\/nosade.com\/de\/philosophie\/#primaryimage\"},\"image\":{\"@id\":\"https:\/\/nosade.com\/de\/philosophie\/#primaryimage\"},\"thumbnailUrl\":\"https:\/\/nosade.com\/wp-content\/uploads\/Toubkal-National-Park_Source-NOSADE.jpg\",\"datePublished\":\"2015-05-25T11:31:13+00:00\",\"dateModified\":\"2016-05-01T10:13:51+00:00\",\"description\":\"Mit NOSADE zu reisen bedeutet Marokko authentisch zu erleben, die unendliche Weite und nat\u00fcrlichen Sch\u00e4tze des Landes zu erkunden.\",\"breadcrumb\":{\"@id\":\"https:\/\/nosade.com\/de\/philosophie\/#breadcrumb\"},\"inLanguage\":\"de\",\"potentialAction\":[{\"@type\":\"ReadAction\",\"target\":[\"https:\/\/nosade.com\/de\/philosophie\/\"]}]},{\"@type\":\"ImageObject\",\"inLanguage\":\"de\",\"@id\":\"https:\/\/nosade.com\/de\/philosophie\/#primaryimage\",\"url\":\"https:\/\/nosade.com\/wp-content\/uploads\/Toubkal-National-Park_Source-NOSADE.jpg\",\"contentUrl\":\"https:\/\/nosade.com\/wp-content\/uploads\/Toubkal-National-Park_Source-NOSADE.jpg\",\"width\":1800,\"height\":720,\"caption\":\"Toubkal National Park_Source NOSADE\"},{\"@type\":\"BreadcrumbList\",\"@id\":\"https:\/\/nosade.com\/de\/philosophie\/#breadcrumb\",\"itemListElement\":[{\"@type\":\"ListItem\",\"position\":1,\"name\":\"Home\",\"item\":\"https:\/\/nosade.com\/de\/\"},{\"@type\":\"ListItem\",\"position\":2,\"name\":\"Philosophie\"}]},{\"@type\":\"WebSite\",\"@id\":\"https:\/\/nosade.com\/de\/#website\",\"url\":\"https:\/\/nosade.com\/de\/\",\"name\":\"NOSADE\",\"description\":\"Yoga Reisen & Sahara W\u00fcstentouren f\u00fcr Nomadenherzen\",\"potentialAction\":[{\"@type\":\"SearchAction\",\"target\":{\"@type\":\"EntryPoint\",\"urlTemplate\":\"https:\/\/nosade.com\/de\/?s={search_term_string}\"},\"query-input\":{\"@type\":\"PropertyValueSpecification\",\"valueRequired\":true,\"valueName\":\"search_term_string\"}}],\"inLanguage\":\"de\"}]}<\/script>\n<!-- \/ Yoast SEO plugin. -->","yoast_head_json":{"title":"Philosophie NOSADE - Marokko authentisch erleben","description":"Mit NOSADE zu reisen bedeutet Marokko authentisch zu erleben, die unendliche Weite und nat\u00fcrlichen Sch\u00e4tze des Landes zu erkunden.","robots":{"index":"index","follow":"follow","max-snippet":"max-snippet:-1","max-image-preview":"max-image-preview:large","max-video-preview":"max-video-preview:-1"},"canonical":"https:\/\/nosade.com\/de\/philosophie\/","og_locale":"de_DE","og_type":"article","og_title":"Philosophie NOSADE - Marokko authentisch erleben","og_description":"Mit NOSADE zu reisen bedeutet Marokko authentisch zu erleben, die unendliche Weite und nat\u00fcrlichen Sch\u00e4tze des Landes zu erkunden.","og_url":"https:\/\/nosade.com\/de\/philosophie\/","og_site_name":"NOSADE","article_modified_time":"2016-05-01T10:13:51+00:00","og_image":[{"width":1800,"height":720,"url":"https:\/\/nosade.com\/wp-content\/uploads\/Toubkal-National-Park_Source-NOSADE.jpg","type":"image\/jpeg"}],"twitter_misc":{"Gesch\u00e4tzte Lesezeit":"1\u00a0Minute"},"schema":{"@context":"https:\/\/schema.org","@graph":[{"@type":"WebPage","@id":"https:\/\/nosade.com\/de\/philosophie\/","url":"https:\/\/nosade.com\/de\/philosophie\/","name":"Philosophie NOSADE - Marokko authentisch erleben","isPartOf":{"@id":"https:\/\/nosade.com\/de\/#website"},"primaryImageOfPage":{"@id":"https:\/\/nosade.com\/de\/philosophie\/#primaryimage"},"image":{"@id":"https:\/\/nosade.com\/de\/philosophie\/#primaryimage"},"thumbnailUrl":"https:\/\/nosade.com\/wp-content\/uploads\/Toubkal-National-Park_Source-NOSADE.jpg","datePublished":"2015-05-25T11:31:13+00:00","dateModified":"2016-05-01T10:13:51+00:00","description":"Mit NOSADE zu reisen bedeutet Marokko authentisch zu erleben, die unendliche Weite und nat\u00fcrlichen Sch\u00e4tze des Landes zu erkunden.","breadcrumb":{"@id":"https:\/\/nosade.com\/de\/philosophie\/#breadcrumb"},"inLanguage":"de","potentialAction":[{"@type":"ReadAction","target":["https:\/\/nosade.com\/de\/philosophie\/"]}]},{"@type":"ImageObject","inLanguage":"de","@id":"https:\/\/nosade.com\/de\/philosophie\/#primaryimage","url":"https:\/\/nosade.com\/wp-content\/uploads\/Toubkal-National-Park_Source-NOSADE.jpg","contentUrl":"https:\/\/nosade.com\/wp-content\/uploads\/Toubkal-National-Park_Source-NOSADE.jpg","width":1800,"height":720,"caption":"Toubkal National Park_Source NOSADE"},{"@type":"BreadcrumbList","@id":"https:\/\/nosade.com\/de\/philosophie\/#breadcrumb","itemListElement":[{"@type":"ListItem","position":1,"name":"Home","item":"https:\/\/nosade.com\/de\/"},{"@type":"ListItem","position":2,"name":"Philosophie"}]},{"@type":"WebSite","@id":"https:\/\/nosade.com\/de\/#website","url":"https:\/\/nosade.com\/de\/","name":"NOSADE","description":"Yoga Reisen & Sahara W\u00fcstentouren f\u00fcr Nomadenherzen","potentialAction":[{"@type":"SearchAction","target":{"@type":"EntryPoint","urlTemplate":"https:\/\/nosade.com\/de\/?s={search_term_string}"},"query-input":{"@type":"PropertyValueSpecification","valueRequired":true,"valueName":"search_term_string"}}],"inLanguage":"de"}]}},"_links":{"self":[{"href":"https:\/\/nosade.com\/de\/wp-json\/wp\/v2\/pages\/641","targetHints":{"allow":["GET"]}}],"collection":[{"href":"https:\/\/nosade.com\/de\/wp-json\/wp\/v2\/pages"}],"about":[{"href":"https:\/\/nosade.com\/de\/wp-json\/wp\/v2\/types\/page"}],"author":[{"embeddable":true,"href":"https:\/\/nosade.com\/de\/wp-json\/wp\/v2\/users\/1"}],"replies":[{"embeddable":true,"href":"https:\/\/nosade.com\/de\/wp-json\/wp\/v2\/comments?post=641"}],"version-history":[{"count":2,"href":"https:\/\/nosade.com\/de\/wp-json\/wp\/v2\/pages\/641\/revisions"}],"predecessor-version":[{"id":2083,"href":"https:\/\/nosade.com\/de\/wp-json\/wp\/v2\/pages\/641\/revisions\/2083"}],"wp:featuredmedia":[{"embeddable":true,"href":"https:\/\/nosade.com\/de\/wp-json\/wp\/v2\/media\/825"}],"wp:attachment":[{"href":"https:\/\/nosade.com\/de\/wp-json\/wp\/v2\/media?parent=641"}],"curies":[{"name":"wp","href":"https:\/\/api.w.org\/{rel}","templated":true}]}}