{"id":624,"date":"2020-02-02T20:53:32","date_gmt":"2020-02-02T19:53:32","guid":{"rendered":"http:\/\/nosade.com\/?page_id=624"},"modified":"2025-05-23T10:57:56","modified_gmt":"2025-05-23T08:57:56","slug":"sahara-desert-tours-yoga-retreats-for-nomad-hearted-people","status":"publish","type":"page","link":"https:\/\/nosade.com\/de\/","title":{"rendered":"YOGA RETREATS, VENUES &amp; W\u00dcSTENTOUREN IN MAROKKO<br> f\u00fcr Nomadenherzen"},"content":{"rendered":"\n<p class=\"has-text-align-center\"><strong>NOSADE IST AUF YOGA RETREATS IN MARRAKESCH UND<\/strong><br><strong>W\u00dcSTEN-YOGAREISEN IN MAROKKO SPEZIALISIERT.<\/strong><\/p>\n\n\n\n<p class=\"has-text-align-center\">Es ist unser Ziel, die Sch\u00f6nheit der beiden faszinierendsten Sehensw\u00fcrdigkeiten Marokkos sowie die reiche und <br>Jahrtausend alte marokkanische Kultur auf authentische, individuelle und famili\u00e4re Weise <br>mit unseren G\u00e4sten zu teilen. Der Yoga soll Dir hierbei ein begleitendes und <br>diese Erfahrung wunderbar erg\u00e4nzendes Element sein.<br>Erkunde mit uns dieses Land voller Mystik &#8211; fernab abgetretener Touristenpfade!<br>Dar\u00fcber hinaus veranstalten wir auch an anderen besonderen Orten immer mal wieder Yoga Retreats.<\/p>\n\n\n<div class=\"box-container clearfix desert\">\n\n<!-- BEGIN .third columns -->\n<div class=\"third columns\">\n\n\t<!-- BEGIN .post class -->\n\t<div class=\"post-holder post-624 page type-page status-publish hentry\">\n\n\t\t\t\t\t<a href=\"\/de\/yoga-retreats-marokko\/\" rel=\"bookmark\" title=\"SAHARA DESERT<br \/>YOGA RETREATS\"><img decoding=\"async\" src=\"https:\/\/nosade.com\/wp-content\/uploads\/Desert-Yoga-Retreat-Morocco_Source-Luderwaldt-Photography-for-NOSADE.jpg\" alt=\"SAHARA DESERT<br \/>YOGA RETREATS\"><\/a>\t\t\n\t\t<!-- BEGIN .intro -->\n\t\t<div class=\"intro\">\n\t\t\t<h3 class=\"title\"><a href=\"\/de\/yoga-retreats-marokko\/\" rel=\"bookmark\" title=\"SAHARA DESERT<br \/>YOGA RETREATS\">SAHARA DESERT<br \/>YOGA RETREATS<\/a><\/h3>\n\t\t<!-- END .intro -->\n\t\t<\/div>\n\n\t\t<!-- BEGIN .article -->\n\t\t<div class=\"article\">\n\n\t\t\t<p>Yoga \u00fcber den D\u00e4chern des magischen Marrakech's. Eine Reise in die Ruhe, Abgeschiedenheit und unendlich scheinenden Weiten der Sahara W\u00fcste. Tauche ein in Dich und die sch\u00f6nsten und inspirierendsten Orte Marokko's!<\/p>\n\n\t\t\t<div class=\"btn-container \"><a class=\"organic-btn  blue-btn small-btn \" href=\"\/de\/yoga-retreats-marokko\/\"><span class=\"btn-holder\">Info &amp; Buchung<\/span><\/a><\/div>\n\t\t<!-- END .article -->\n\t\t<\/div>\n\n\t<!-- END .post class -->\n\t<\/div>\n\n<!-- END .third columns -->\n<\/div>\n\n<!-- BEGIN .third columns -->\n<div class=\"third columns\">\n\n\t<!-- BEGIN .post class -->\n\t<div class=\"post-holder post-624 page type-page status-publish hentry\">\n\n\t\t\t\t\t<a href=\"http:\/\/nosade.com\/de\/yoga-in-marrakech\/\" rel=\"bookmark\" title=\"URBAN MARRAKESCH YOGA RETREATS\"><img decoding=\"async\" src=\"https:\/\/nosade.com\/wp-content\/uploads\/Marrakech-Yoga-Retreat_Source-Luderwaldt-Photography-for-NOSADE.jpg\" alt=\"URBAN MARRAKESCH YOGA RETREATS\"><\/a>\t\t\n\t\t<!-- BEGIN .intro -->\n\t\t<div class=\"intro\">\n\t\t\t<h3 class=\"title\"><a href=\"http:\/\/nosade.com\/de\/yoga-in-marrakech\/\" rel=\"bookmark\" title=\"URBAN MARRAKESCH YOGA RETREATS\">URBAN MARRAKESCH YOGA RETREATS<\/a><\/h3>\n\t\t<!-- END .intro -->\n\t\t<\/div>\n\n\t\t<!-- BEGIN .article -->\n\t\t<div class=\"article\">\n\n\t\t\t<p>Yoga &amp; Kultur in Marokko\u2019s sehenswertester, lebendiger, historischer und altert\u00fcmlicher Stadt Marrakech. Genie\u00dfe Tage voll von Inspirationen, kultureller Bereicherung und Marrakech's mystischer Magie, eingerahmt von zwei t\u00e4glichen Yogaklassen!<\/p>\n\n\t\t\t<div class=\"btn-container \"><a class=\"organic-btn  blue-btn small-btn \" href=\"http:\/\/nosade.com\/de\/yoga-in-marrakech\/\"><span class=\"btn-holder\">Info &amp; Buchung<\/span><\/a><\/div>\n\t\t<!-- END .article -->\n\t\t<\/div>\n\n\t<!-- END .post class -->\n\t<\/div>\n\n<!-- END .third columns -->\n<\/div>\n\n<!-- BEGIN .third columns -->\n<div class=\"third columns\">\n\n\t<!-- BEGIN .post class -->\n\t<div class=\"post-holder post-624 page type-page status-publish hentry\">\n\n\t\t\t\t\t<a href=\"https:\/\/nosade.com\/de\/special-yoga-retreats\/\" rel=\"bookmark\" title=\"SPECIAL YOGA<br \/>RETREATS\"><img decoding=\"async\" src=\"https:\/\/nosade.com\/wp-content\/uploads\/Morocco-Yoga-Rountrip_Source-Luderwaldt-Photography-for-NOSADE.jpg\" alt=\"SPECIAL YOGA<br \/>RETREATS\"><\/a>\t\t\n\t\t<!-- BEGIN .intro -->\n\t\t<div class=\"intro\">\n\t\t\t<h3 class=\"title\"><a href=\"https:\/\/nosade.com\/de\/special-yoga-retreats\/\" rel=\"bookmark\" title=\"SPECIAL YOGA<br \/>RETREATS\">SPECIAL YOGA<br \/>RETREATS<\/a><\/h3>\n\t\t<!-- END .intro -->\n\t\t<\/div>\n\n\t\t<!-- BEGIN .article -->\n\t\t<div class=\"article\">\n\n\t\t\t<p>Silvester Yogareisen, Ayurveda Yoga Retreats in Marokko oder der fr\u00e4nkischen Schweiz und sonstige spezielle Yogareise Angebote findest Du in dieser Kategorie. Erlebe magische Momente an magischen Orten mit NOSADE! <\/p>\n\n\t\t\t<div class=\"btn-container \"><a class=\"organic-btn  blue-btn small-btn \" href=\"https:\/\/nosade.com\/de\/special-yoga-retreats\/\"><span class=\"btn-holder\">Info &amp; Buchung<\/span><\/a><\/div>\n\t\t<!-- END .article -->\n\t\t<\/div>\n\n\t<!-- END .post class -->\n\t<\/div>\n\n<!-- END .third columns -->\n<\/div>\n\n<\/div>\n<p style=\"text-align: center;\"><strong>DAR\u00dcBER HINAUS BIETEN WIR DIR MIT UNSEREN NOSADE VENUES IN <br \/>MARRAKESCH &amp; MERZOUGA SEHR PERS\u00d6NLICHE UND FAMILI\u00c4RE UNTERK\u00dcNFTE,<\/strong>\u00a0<strong>SOWIE <br \/>MIT INDIVIDUAL-W\u00dcSTENTOUREN EIN EINMALIGES W\u00dcSTENERLEBNIS.<\/strong><\/p>\n<p style=\"text-align: center;\">Als Familienunternehmen legen wir gro\u00dfen Wert\u00a0auf bewusstes und nachhaltiges Reisen \u2013 ganz im Einklang mit <br \/>Marokkos reicher Natur &amp; bezaubernder Kultur. <br \/>Diesem Grundsatz folgen wir bei der Umsetzung unserer Reisen im Bereich des Individualtourismus <br \/>und in der F\u00fchrung unserer Unterk\u00fcnfte.<\/p>\n\n<!-- BEGIN .third columns -->\n<div class=\"third columns\">\n\n\t<!-- BEGIN .post class -->\n\t<div class=\"post-holder post-624 page type-page status-publish hentry\">\n\n\t\t\t\t\t<a href=\"https:\/\/nosade.com\/de\/nosade-venue-marrakesch\/\" rel=\"bookmark\" title=\"NOSADE VENUE MARRAKESCH\"><img decoding=\"async\" src=\"https:\/\/nosade.com\/wp-content\/uploads\/Patio-Garden-NOSADE-Riad-Marrakech_Source-NOSADE.jpg\" alt=\"NOSADE VENUE MARRAKESCH\"><\/a>\t\t\n\t\t<!-- BEGIN .intro -->\n\t\t<div class=\"intro\">\n\t\t\t<h3 class=\"title\"><a href=\"https:\/\/nosade.com\/de\/nosade-venue-marrakesch\/\" rel=\"bookmark\" title=\"NOSADE VENUE MARRAKESCH\">NOSADE VENUE MARRAKESCH<\/a><\/h3>\n\t\t<!-- END .intro -->\n\t\t<\/div>\n\n\t\t<!-- BEGIN .article -->\n\t\t<div class=\"article\">\n\n\t\t\t<p>Unser kleines Riad mit nur 3 Zimmern befindet sich in der Medina \u2013 der historischen Altstadt von Marrakesch \u2013 und ist wahrlich ein lebendiges Relikt der Geschichten aus Tausend und einer Nacht. Zu den \u00e4ltesten H\u00e4usern der Stadt geh\u00f6rend, findet sich noch immer in Teilen die urspr\u00fcngliche und beeindruckende Architektur des 19. Jahrhunderts, und wird von uns famili\u00e4r, mit viel Liebe zum Detail und Leidenschaft gef\u00fchrt.<\/p>\n\n\t\t\t<div class=\"btn-container \"><a class=\"organic-btn  blue-btn small-btn \" href=\"https:\/\/nosade.com\/de\/nosade-venue-marrakesch\/\"><span class=\"btn-holder\">Info &amp; Buchung<\/span><\/a><\/div>\n\t\t<!-- END .article -->\n\t\t<\/div>\n\n\t<!-- END .post class -->\n\t<\/div>\n\n<!-- END .third columns -->\n<\/div>\n\n<!-- BEGIN .third columns -->\n<div class=\"third columns\">\n\n\t<!-- BEGIN .post class -->\n\t<div class=\"post-holder post-624 page type-page status-publish hentry\">\n\n\t\t\t\t\t<a href=\"https:\/\/nosade.com\/de\/nosade-venue-merzouga\/\" rel=\"bookmark\" title=\"NOSADE VENUE MERZOUGA\"><img decoding=\"async\" src=\"https:\/\/nosade.com\/wp-content\/uploads\/Merzouga-Desert-Accommodation_Source-NOSADE.jpg\" alt=\"NOSADE VENUE MERZOUGA\"><\/a>\t\t\n\t\t<!-- BEGIN .intro -->\n\t\t<div class=\"intro\">\n\t\t\t<h3 class=\"title\"><a href=\"https:\/\/nosade.com\/de\/nosade-venue-merzouga\/\" rel=\"bookmark\" title=\"NOSADE VENUE MERZOUGA\">NOSADE VENUE MERZOUGA<\/a><\/h3>\n\t\t<!-- END .intro -->\n\t\t<\/div>\n\n\t\t<!-- BEGIN .article -->\n\t\t<div class=\"article\">\n\n\t\t\t<p>Unser kleines Apartment mit Blick auf die ber\u00fchmten, direkt vor der T\u00fcr liegenden Sandd\u00fcnen von Merzouga erwartet Dich in modernem, komfortablem Design, absoluter Stille und traditioneller Architektur im Lehmbau. Unsere Familie empf\u00e4ngt Dich herzlich mit authentischer Berber-Gastfreundschaft und traditioneller K\u00fcche, bevor Du Dein Abenteuer auf dem R\u00fccken eines W\u00fcstenschiffes in die W\u00fcste startest.<\/p>\n\n\t\t\t<div class=\"btn-container \"><a class=\"organic-btn  blue-btn small-btn \" href=\"https:\/\/nosade.com\/de\/nosade-venue-merzouga\/\"><span class=\"btn-holder\">Info &amp; Buchung<\/span><\/a><\/div>\n\t\t<!-- END .article -->\n\t\t<\/div>\n\n\t<!-- END .post class -->\n\t<\/div>\n\n<!-- END .third columns -->\n<\/div>\n\n<!-- BEGIN .third columns -->\n<div class=\"third columns\">\n\n\t<!-- BEGIN .post class -->\n\t<div class=\"post-holder post-624 page type-page status-publish hentry\">\n\n\t\t\t\t\t<a href=\"https:\/\/nosade.com\/de\/wuestentouren\/\" rel=\"bookmark\" title=\"NOSADE W\u00dcSTENTOUREN\"><img decoding=\"async\" src=\"https:\/\/nosade.com\/wp-content\/uploads\/W\u00fcstentouren-Marokko_Source-Tomi-Valny-for-NOSADE.jpg\" alt=\"NOSADE W\u00dcSTENTOUREN\"><\/a>\t\t\n\t\t<!-- BEGIN .intro -->\n\t\t<div class=\"intro\">\n\t\t\t<h3 class=\"title\"><a href=\"https:\/\/nosade.com\/de\/wuestentouren\/\" rel=\"bookmark\" title=\"NOSADE W\u00dcSTENTOUREN\">NOSADE W\u00dcSTENTOUREN<\/a><\/h3>\n\t\t<!-- END .intro -->\n\t\t<\/div>\n\n\t\t<!-- BEGIN .article -->\n\t\t<div class=\"article\">\n\n\t\t\t<p>Keine Reise nach Marokko ist komplett, ohne einen Abstecher in die Sahara gemacht zu haben! Erlebe die nordafrikanische W\u00fcste in ihrer sich stetig ver\u00e4ndernden Form, endlosen Weite und faszinierenden Kultur. Nirgendwo sonst im Land l\u00e4sst sich die Jahrtausende alte, reiche Berberkultur so authentisch erfahren, wie hier. NOSADE bietet Dir individuell gestaltbare W\u00fcstentouren: famili\u00e4r und in Einklang mit der Natur.<\/p>\n\n\t\t\t<div class=\"btn-container \"><a class=\"organic-btn  blue-btn small-btn \" href=\"https:\/\/nosade.com\/de\/wuestentouren\/\"><span class=\"btn-holder\">Info &amp; Buchung<\/span><\/a><\/div>\n\t\t<!-- END .article -->\n\t\t<\/div>\n\n\t<!-- END .post class -->\n\t<\/div>\n\n<!-- END .third columns -->\n<\/div>\n\n<h5>BEKANNT AUS<\/h5>\n<div class=\"bekanntAus\">\n<div class=\"baImage\"><img decoding=\"async\" src=\"https:\/\/nosade.com\/wp-content\/uploads\/bekannt-aus\/ZDF.svg\" \/><\/div>\n<div class=\"baImage\"><img decoding=\"async\" src=\"https:\/\/nosade.com\/wp-content\/uploads\/bekannt-aus\/yogaeasy.svg\" \/><\/div>\n<div class=\"baImage\"><img decoding=\"async\" src=\"https:\/\/nosade.com\/wp-content\/uploads\/bekannt-aus\/Focusonline.svg\" \/><\/div>\n<div class=\"baImage\"><img decoding=\"async\" src=\"https:\/\/nosade.com\/wp-content\/uploads\/bekannt-aus\/firforFUN.svg\" \/><\/div>\n<div class=\"baImage\"><img decoding=\"async\" src=\"https:\/\/nosade.com\/wp-content\/uploads\/bekannt-aus\/MitVergnuegen.svg\" \/><\/div>\n<div class=\"baImage\"><img decoding=\"async\" src=\"https:\/\/nosade.com\/wp-content\/uploads\/bekannt-aus\/eurowings.svg\" \/><\/div>\n<div class=\"baImage\"><img decoding=\"async\" src=\"https:\/\/nosade.com\/wp-content\/uploads\/bekannt-aus\/YogaAffairs.svg\" \/><\/div>\n<div class=\"baImage\"><img decoding=\"async\" src=\"https:\/\/nosade.com\/wp-content\/uploads\/bekannt-aus\/momazing.svg\" \/><\/div>\n<div class=\"baImage\"><img decoding=\"async\" src=\"https:\/\/nosade.com\/wp-content\/uploads\/bekannt-aus\/deutschestartups.svg\" \/><\/div>\n<div class=\"baImage\"><img decoding=\"async\" src=\"https:\/\/nosade.com\/wp-content\/uploads\/bekannt-aus\/fielfalt.svg\" \/><\/div>\n<div class=\"baImage\"><img decoding=\"async\" src=\"https:\/\/nosade.com\/wp-content\/uploads\/bekannt-aus\/local_nomad.png\" \/><\/div>\n<div class=\"baImage\"><img decoding=\"async\" src=\"https:\/\/nosade.com\/wp-content\/uploads\/bekannt-aus\/prosieben.svg\" \/><\/div>\n<div class=\"baImage\"><img decoding=\"async\" src=\"https:\/\/nosade.com\/wp-content\/uploads\/bekannt-aus\/mmwm.svg\" \/><\/div>\n<div class=\"baImage\"><img decoding=\"async\" src=\"https:\/\/nosade.com\/wp-content\/uploads\/bekannt-aus\/msm.svg\" \/><\/div>\n<div class=\"baImage\"><img decoding=\"async\" src=\"https:\/\/nosade.com\/wp-content\/uploads\/bekannt-aus\/happinez.svg\" \/><\/div>\n<div class=\"baImage\"><img decoding=\"async\" src=\"https:\/\/nosade.com\/wp-content\/uploads\/bekannt-aus\/FuckLuckyGoHappy.svg\" \/><\/div>\n<\/div>\n<h5>ERLEBE EINZIGARTIGE YOGAREISEN NACH MAROKKO MIT NOSADE<\/h5>\n<p><iframe loading=\"lazy\" title=\"NOSADE - Desert Tours &amp; Yoga Retreats in Morocco for nomad hearted people\" src=\"https:\/\/player.vimeo.com\/video\/162102227?dnt=1&amp;app_id=122963\" width=\"640\" height=\"360\" frameborder=\"0\" allow=\"autoplay; fullscreen; picture-in-picture; clipboard-write; encrypted-media\"><\/iframe><\/p>\n<hr \/>\n<div class=\"row\"><div id=\"skyscraper\"><\/div><\/div>\n<h6>\u00a0<\/h6>\n<h5><a href=\"http:\/\/nosade.com\/de\/aktuelle-retreatangebote\/\" target=\"_blank\" rel=\"noopener noreferrer\">AKTUELLE RETREAT ANGEBOTE<\/a><a href=\"https:\/\/nosade.com\/de\/aktuelle-retreatangebote\/\"><img loading=\"lazy\" decoding=\"async\" class=\"alignright wp-image-11895 size-full\" src=\"https:\/\/nosade.com\/wp-content\/uploads\/Morocco-Yoga-Retreats_Source-NOSADE-1.jpg\" alt=\"Morocco Yoga Retreats_Source NOSADE\" width=\"1000\" height=\"600\" srcset=\"https:\/\/nosade.com\/wp-content\/uploads\/Morocco-Yoga-Retreats_Source-NOSADE-1.jpg 1000w, https:\/\/nosade.com\/wp-content\/uploads\/Morocco-Yoga-Retreats_Source-NOSADE-1-300x180.jpg 300w, https:\/\/nosade.com\/wp-content\/uploads\/Morocco-Yoga-Retreats_Source-NOSADE-1-720x432.jpg 720w, https:\/\/nosade.com\/wp-content\/uploads\/Morocco-Yoga-Retreats_Source-NOSADE-1-768x461.jpg 768w\" sizes=\"(max-width: 1000px) 100vw, 1000px\" \/><\/a><\/h5>\n<p style=\"text-align: left;\"><strong>HIER FINDEST DU EINE \u00dcBERSICHT ALLER BEVORSTEHENDEN\u00a0NOSADE YOGA RETREATS IN MAROKKO.<\/strong><\/p>\n<div class=\"btn-container  align-center\"><a class=\"organic-btn  blue-btn small-btn  align-center\" href=\"http:\/\/nosade.com\/de\/aktuelle-retreatangebote\/\"><span class=\"btn-holder\">Jetzt ansehen<\/span><\/a><\/div>\n<h5>FAMILI\u00c4RE &amp; AUTHENTISCHE UNTERK\u00dcNFTE IN MARRAKESCH &amp; MERZOUGA<\/h5>\n<p><a href=\"https:\/\/nosade.com\/de\/venues-de\/\" target=\"_blank\" rel=\"noopener noreferrer\"><img loading=\"lazy\" decoding=\"async\" class=\"alignnone wp-image-11132 size-full\" src=\"https:\/\/nosade.com\/wp-content\/uploads\/Lush-green-Urban-Jungle_Nosade-Riad-Marrakech_Source-NOSADE.jpg\" alt=\"\" width=\"1000\" height=\"600\" srcset=\"https:\/\/nosade.com\/wp-content\/uploads\/Lush-green-Urban-Jungle_Nosade-Riad-Marrakech_Source-NOSADE.jpg 1000w, https:\/\/nosade.com\/wp-content\/uploads\/Lush-green-Urban-Jungle_Nosade-Riad-Marrakech_Source-NOSADE-300x180.jpg 300w, https:\/\/nosade.com\/wp-content\/uploads\/Lush-green-Urban-Jungle_Nosade-Riad-Marrakech_Source-NOSADE-720x432.jpg 720w, https:\/\/nosade.com\/wp-content\/uploads\/Lush-green-Urban-Jungle_Nosade-Riad-Marrakech_Source-NOSADE-768x461.jpg 768w\" sizes=\"(max-width: 1000px) 100vw, 1000px\" \/><\/a><\/p>\n<p style=\"text-align: left;\"><strong>BUCHE HIER DEIN RIAD IN MARRAKESCH ODER DEIN APARTMENT IN MERZOUGA<\/strong><\/p>\n<div class=\"btn-container  align-center\"><a class=\"organic-btn  blue-btn small-btn  align-center\" href=\"https:\/\/nosade.com\/de\/venues-de\/\"><span class=\"btn-holder\">Jetzt buchen<\/span><\/a><\/div>\n<h5>G\u00c4STEBEWERTUNGEN<\/h5>\n<div class=\"rating-slider has-logo clearfix\" data-speed=\"9500\"><span class=\"logo\"><a href=\"https:\/\/www.tripadvisor.de\/Attraction_Review-g304017-d7650534-Reviews-Nosade_Day_Tours-Merzouga_Meknes_Tafilalet_Region.html\" target=\"_blank\"><img decoding=\"async\" src=\"https:\/\/nosade.com\/wp-content\/uploads\/tripadvisor_DE_ReviewUs_white-e1513533812389.jpg\" alt=\"\"><\/a><\/span><div class=\"slider\"><div class=\"slick clearfix\"><div class=\"slide\">\u201eDas Nosadeteam versteht es, sich auf jeden einzelnen Teilnehmer einzustellen und W\u00fcnsche zus\u00e4tzlich zum geplanten Programm zu erf\u00fcllen (&#8230;) Auch bei der Yogapraxis kommt jeder Reisende auf seine Kosten, weil auf die unterschiedlichen Yogavorkenntnisse und F\u00e4higkeiten durch professionelle Lehrer eingegangen wird&#8230;Marrakech in all seinen Facetten und dazu die Ruhe des Riads mitten im Get\u00fcmmel, tolles Yoga und fantastisches Essen &#8211; mehr kann man von einem entspannten Jahreswechsel nicht erwarten. Tolle Organisation und nette Menschen! Eine Reise mit Nosade kann ich jedem empfehlen&#8230;Entspanntheit und Ruhe an der marokkanischen Atlantikk\u00fcste in wunderbarer Einheit mit Yoga.\u00a0Alles was man braucht, um K\u00f6rper und Geist in Einklang zu bringen.\u00a0Mit Nosade verreisen hei\u00dft in einer individuellen, entspannten und einzigartig unaufgeregten Mischung die vielen Facetten Marokkos n\u00e4her gebracht zu bekommen&#8230;.A trip of a lifetime! Das war das Fazit einer Mitreisenden nach unserer letzten Yogasession zum Abschluss der Reise zur\u00fcck in Marrakech. Hinter uns lagen unvergessliche Tage zwischen dem lauten, bunten und wuseligen Marrkakech und der Ruhe und Weite der W\u00fcste um Merzouga&#8230;Die Reise mit Nosade bot genau die richtige Mischung aus Ruhe und Erholung beim t\u00e4glichen Yoga wie auch verschiedene Stationen, um Marokko zu entdecken! Die Unterk\u00fcnfte waren alle gut ausgew\u00e4hlt, wir wurden \u00fcberall herzlich empfangen und das Essen in der W\u00fcste war hervorragend&#8230;Absolut empfehlenswert! Tolle Yoga Stunden, ausgeglichenes Programm mit Zeit f\u00fcr sich selbst, um die Stadt zu erkunden, lustige Gruppe und wundersch\u00f6nes Riad mit leckerem Essen. Yoga Teacher war hervorragend und inspirierend. Marrakesch als pulsierende Stadt und trotzdem Entspannung&#8230;\u201c<\/div><\/div><span class=\"more clearfix\"><a href=\"https:\/\/www.tripadvisor.de\/Attraction_Review-g304017-d7650534-Reviews-Nosade_Day_Tours-Merzouga_Meknes_Tafilalet_Region.html\" target=\"_blank\">MEHR AUF TRIPADVISOR ERFAHREN<\/a><\/span><\/div><\/div>","protected":false},"excerpt":{"rendered":"<p>NOSADE ist als Familienunternehmen auf individuelle Yoga Retreats in Marrakesch und W\u00fcsten-Yogareisen sowie W\u00fcstentouren in Marokko spezialisiert.<\/p>\n","protected":false},"author":1,"featured_media":0,"parent":0,"menu_order":0,"comment_status":"closed","ping_status":"closed","template":"template-home.php","meta":{"_acf_changed":false,"footnotes":""},"class_list":["post-624","page","type-page","status-publish","hentry"],"acf":[],"yoast_head":"<!-- This site is optimized with the Yoast SEO plugin v26.5 - https:\/\/yoast.com\/wordpress\/plugins\/seo\/ -->\n<title>Yoga Retreats &amp; W\u00fcstentouren in Marokko f\u00fcr Nomadenherzen<\/title>\n<meta name=\"description\" content=\"NOSADE ist als Familienunternehmen auf individuelle Yoga Retreats in Marrakesch und W\u00fcsten-Yogareisen sowie W\u00fcstentouren in Marokko spezialisiert.\" \/>\n<meta name=\"robots\" content=\"index, follow, max-snippet:-1, max-image-preview:large, max-video-preview:-1\" \/>\n<link rel=\"canonical\" href=\"https:\/\/nosade.com\/de\/\" \/>\n<meta property=\"og:locale\" content=\"de_DE\" \/>\n<meta property=\"og:type\" content=\"article\" \/>\n<meta property=\"og:title\" content=\"Yoga Retreats &amp; W\u00fcstentouren in Marokko f\u00fcr Nomadenherzen\" \/>\n<meta property=\"og:description\" content=\"NOSADE ist als Familienunternehmen auf individuelle Yoga Retreats in Marrakesch und W\u00fcsten-Yogareisen sowie W\u00fcstentouren in Marokko spezialisiert.\" \/>\n<meta property=\"og:url\" content=\"https:\/\/nosade.com\/de\/\" \/>\n<meta property=\"og:site_name\" content=\"NOSADE\" \/>\n<meta property=\"article:modified_time\" content=\"2025-05-23T08:57:56+00:00\" \/>\n<meta property=\"og:image\" content=\"https:\/\/nosade.com\/wp-content\/uploads\/bekannt-aus\/ZDF.svg\" \/>\n<meta name=\"twitter:label1\" content=\"Gesch\u00e4tzte Lesezeit\" \/>\n\t<meta name=\"twitter:data1\" content=\"7\u00a0Minuten\" \/>\n<script type=\"application\/ld+json\" class=\"yoast-schema-graph\">{\"@context\":\"https:\/\/schema.org\",\"@graph\":[{\"@type\":\"WebPage\",\"@id\":\"https:\/\/nosade.com\/de\/\",\"url\":\"https:\/\/nosade.com\/de\/\",\"name\":\"Yoga Retreats & W\u00fcstentouren in Marokko f\u00fcr Nomadenherzen\",\"isPartOf\":{\"@id\":\"https:\/\/nosade.com\/de\/#website\"},\"primaryImageOfPage\":{\"@id\":\"https:\/\/nosade.com\/de\/#primaryimage\"},\"image\":{\"@id\":\"https:\/\/nosade.com\/de\/#primaryimage\"},\"thumbnailUrl\":\"https:\/\/nosade.com\/wp-content\/uploads\/bekannt-aus\/ZDF.svg\",\"datePublished\":\"2020-02-02T19:53:32+00:00\",\"dateModified\":\"2025-05-23T08:57:56+00:00\",\"description\":\"NOSADE ist als Familienunternehmen auf individuelle Yoga Retreats in Marrakesch und W\u00fcsten-Yogareisen sowie W\u00fcstentouren in Marokko spezialisiert.\",\"breadcrumb\":{\"@id\":\"https:\/\/nosade.com\/de\/#breadcrumb\"},\"inLanguage\":\"de\",\"potentialAction\":[{\"@type\":\"ReadAction\",\"target\":[\"https:\/\/nosade.com\/de\/\"]}]},{\"@type\":\"ImageObject\",\"inLanguage\":\"de\",\"@id\":\"https:\/\/nosade.com\/de\/#primaryimage\",\"url\":\"https:\/\/nosade.com\/wp-content\/uploads\/bekannt-aus\/ZDF.svg\",\"contentUrl\":\"https:\/\/nosade.com\/wp-content\/uploads\/bekannt-aus\/ZDF.svg\"},{\"@type\":\"BreadcrumbList\",\"@id\":\"https:\/\/nosade.com\/de\/#breadcrumb\",\"itemListElement\":[{\"@type\":\"ListItem\",\"position\":1,\"name\":\"Home\",\"item\":\"https:\/\/nosade.com\/de\/\"},{\"@type\":\"ListItem\",\"position\":2,\"name\":\"YOGA RETREATS, VENUES &amp; W\u00dcSTENTOUREN IN MAROKKO f\u00fcr Nomadenherzen\"}]},{\"@type\":\"WebSite\",\"@id\":\"https:\/\/nosade.com\/de\/#website\",\"url\":\"https:\/\/nosade.com\/de\/\",\"name\":\"NOSADE\",\"description\":\"Yoga Reisen & Sahara W\u00fcstentouren f\u00fcr Nomadenherzen\",\"potentialAction\":[{\"@type\":\"SearchAction\",\"target\":{\"@type\":\"EntryPoint\",\"urlTemplate\":\"https:\/\/nosade.com\/de\/?s={search_term_string}\"},\"query-input\":{\"@type\":\"PropertyValueSpecification\",\"valueRequired\":true,\"valueName\":\"search_term_string\"}}],\"inLanguage\":\"de\"}]}<\/script>\n<!-- \/ Yoast SEO plugin. -->","yoast_head_json":{"title":"Yoga Retreats & W\u00fcstentouren in Marokko f\u00fcr Nomadenherzen","description":"NOSADE ist als Familienunternehmen auf individuelle Yoga Retreats in Marrakesch und W\u00fcsten-Yogareisen sowie W\u00fcstentouren in Marokko spezialisiert.","robots":{"index":"index","follow":"follow","max-snippet":"max-snippet:-1","max-image-preview":"max-image-preview:large","max-video-preview":"max-video-preview:-1"},"canonical":"https:\/\/nosade.com\/de\/","og_locale":"de_DE","og_type":"article","og_title":"Yoga Retreats & W\u00fcstentouren in Marokko f\u00fcr Nomadenherzen","og_description":"NOSADE ist als Familienunternehmen auf individuelle Yoga Retreats in Marrakesch und W\u00fcsten-Yogareisen sowie W\u00fcstentouren in Marokko spezialisiert.","og_url":"https:\/\/nosade.com\/de\/","og_site_name":"NOSADE","article_modified_time":"2025-05-23T08:57:56+00:00","og_image":[{"url":"https:\/\/nosade.com\/wp-content\/uploads\/bekannt-aus\/ZDF.svg","type":"","width":"","height":""}],"twitter_misc":{"Gesch\u00e4tzte Lesezeit":"7\u00a0Minuten"},"schema":{"@context":"https:\/\/schema.org","@graph":[{"@type":"WebPage","@id":"https:\/\/nosade.com\/de\/","url":"https:\/\/nosade.com\/de\/","name":"Yoga Retreats & W\u00fcstentouren in Marokko f\u00fcr Nomadenherzen","isPartOf":{"@id":"https:\/\/nosade.com\/de\/#website"},"primaryImageOfPage":{"@id":"https:\/\/nosade.com\/de\/#primaryimage"},"image":{"@id":"https:\/\/nosade.com\/de\/#primaryimage"},"thumbnailUrl":"https:\/\/nosade.com\/wp-content\/uploads\/bekannt-aus\/ZDF.svg","datePublished":"2020-02-02T19:53:32+00:00","dateModified":"2025-05-23T08:57:56+00:00","description":"NOSADE ist als Familienunternehmen auf individuelle Yoga Retreats in Marrakesch und W\u00fcsten-Yogareisen sowie W\u00fcstentouren in Marokko spezialisiert.","breadcrumb":{"@id":"https:\/\/nosade.com\/de\/#breadcrumb"},"inLanguage":"de","potentialAction":[{"@type":"ReadAction","target":["https:\/\/nosade.com\/de\/"]}]},{"@type":"ImageObject","inLanguage":"de","@id":"https:\/\/nosade.com\/de\/#primaryimage","url":"https:\/\/nosade.com\/wp-content\/uploads\/bekannt-aus\/ZDF.svg","contentUrl":"https:\/\/nosade.com\/wp-content\/uploads\/bekannt-aus\/ZDF.svg"},{"@type":"BreadcrumbList","@id":"https:\/\/nosade.com\/de\/#breadcrumb","itemListElement":[{"@type":"ListItem","position":1,"name":"Home","item":"https:\/\/nosade.com\/de\/"},{"@type":"ListItem","position":2,"name":"YOGA RETREATS, VENUES &amp; W\u00dcSTENTOUREN IN MAROKKO f\u00fcr Nomadenherzen"}]},{"@type":"WebSite","@id":"https:\/\/nosade.com\/de\/#website","url":"https:\/\/nosade.com\/de\/","name":"NOSADE","description":"Yoga Reisen & Sahara W\u00fcstentouren f\u00fcr Nomadenherzen","potentialAction":[{"@type":"SearchAction","target":{"@type":"EntryPoint","urlTemplate":"https:\/\/nosade.com\/de\/?s={search_term_string}"},"query-input":{"@type":"PropertyValueSpecification","valueRequired":true,"valueName":"search_term_string"}}],"inLanguage":"de"}]}},"_links":{"self":[{"href":"https:\/\/nosade.com\/de\/wp-json\/wp\/v2\/pages\/624","targetHints":{"allow":["GET"]}}],"collection":[{"href":"https:\/\/nosade.com\/de\/wp-json\/wp\/v2\/pages"}],"about":[{"href":"https:\/\/nosade.com\/de\/wp-json\/wp\/v2\/types\/page"}],"author":[{"embeddable":true,"href":"https:\/\/nosade.com\/de\/wp-json\/wp\/v2\/users\/1"}],"replies":[{"embeddable":true,"href":"https:\/\/nosade.com\/de\/wp-json\/wp\/v2\/comments?post=624"}],"version-history":[{"count":204,"href":"https:\/\/nosade.com\/de\/wp-json\/wp\/v2\/pages\/624\/revisions"}],"predecessor-version":[{"id":26861,"href":"https:\/\/nosade.com\/de\/wp-json\/wp\/v2\/pages\/624\/revisions\/26861"}],"wp:attachment":[{"href":"https:\/\/nosade.com\/de\/wp-json\/wp\/v2\/media?parent=624"}],"curies":[{"name":"wp","href":"https:\/\/api.w.org\/{rel}","templated":true}]}}