{"id":365,"date":"2020-04-10T10:22:46","date_gmt":"2020-04-10T08:22:46","guid":{"rendered":"http:\/\/nosade.com\/?page_id=365"},"modified":"2024-12-01T11:57:41","modified_gmt":"2024-12-01T10:57:41","slug":"jobs-nosade","status":"publish","type":"page","link":"https:\/\/nosade.com\/de\/jobs-nosade\/","title":{"rendered":"Jobs"},"content":{"rendered":"<div class=\"page\" title=\"Page 1\">\n<div class=\"section\">\n<div class=\"layoutArea\">\n<div class=\"column\">\n<p><strong>NOSADE GEH\u00d6RT ZU DEN F\u00dcHRENDEN ANBIETERN AUTHENTISCHER, INDIVIDUELLER &amp; NACHHALTIGER YOGAREISEN IN MAROKKO. \u00a0NOSADE OFFERIERT ALS MAROKKO-SPEZIALIST UND FAMILIENUNTERNEHMEN YOGAREISE-FORMATE NACH MARRAKESCH UND IN DIE W\u00dcSTE, INDIVIDUELLE W\u00dcSTENTOUREN SOWIE ZWEI TRADITIONELLE UNTERK\u00dcNFTE IN MERZOUGA &amp; MARRAKESCH.<\/strong><\/p>\n<p>Mit einem wachsenden, ambitionierten, engagierten und kreativen Team arbeiten wir seit 2014 unerm\u00fcdlich und motiviert am Ausbau unserer Idee. Werde jetzt Teil unseres multinationalen Teams, als<\/p>\n<\/div>\n<\/div>\n<\/div>\n<\/div>\n<h3><strong><span style=\"font-size: 1em; color: #808080;\">PRAKTIKANT\/IN GUEST RELATIONS &amp; TRAVEL MANAGEMENT (M\/W\/D)<\/span><\/strong><\/h3>\n<div class=\"page\" title=\"Page 1\">\n<div class=\"section\">\n<div class=\"layoutArea\">\n<div class=\"column\">\n<p>f\u00fcr die Bereiche Kundenbetreuung, Reiseorganisation und Reisebegleitung, sowie zur<br \/>\nUnterst\u00fctzung der Gesch\u00e4ftsf\u00fchrung im Reisemanagement.<\/p>\n<div>\n<ul>\n<li class=\"normal\"><span lang=\"de\">\u00a0individuelle Betreuung unserer G\u00e4ste in unserem kleinen Riad in Marrakesch sowie<\/span><\/li>\n<li class=\"normal\"><span lang=\"de\">vor, w\u00e4hrend oder nach unseren Gruppenreisen und <\/span><\/li>\n<li class=\"normal\"><span lang=\"de\">allen damit in Zusammenhang stehenden organisatorischen wie strategischen Aktivit\u00e4ten.\u00a0<\/span><\/li>\n<\/ul>\n<\/div>\n<p><span lang=\"de\">Arbeitsorte: Marrakesch, Bayreuth und\/oder Remote.<\/span><\/p>\n<p><strong>WIR BIETEN DIR<\/strong><\/p>\n<ul>\n<li>Spannende Einblicke in die Welt eines innovativen Reiseveranstalters<\/li>\n<li>3-6 Monate Auslandsaufenthalt in Marokko, bei Interesse gepaart mit regelm\u00e4\u00dfiger Teilnahme an Yogaunterricht<\/li>\n<li>Spannende Projekte &amp; Gestaltungsraum<\/li>\n<li>Arbeiten auf Augenh\u00f6he &amp; mit hoher Wertsch\u00e4tzung<\/li>\n<li>Kost &amp; Logis<\/li>\n<\/ul>\n<p><strong><span style=\"font-size: 1em;\">DU BIETEST UNS<\/span><\/strong><\/p>\n<ul>\n<li>Ein Studium in BWL, Hotel- oder Tourismusmanagement oder etwas \u00e4hnlichem, sowie erste praktische Erfahrungen im Tourismus oder der Hotellerie \/ Gastronomie<\/li>\n<li><span style=\"font-size: 1em;\">Eine ausgepr\u00e4gte Kommunikationsst\u00e4rke \u2013\u00a0<\/span><span style=\"font-size: 1em;\">sowohl im pers\u00f6nlichen Kundenkontakt als auch am Telefon und per Mail<\/span><\/li>\n<li><span style=\"font-size: 1em;\">Ein selbstbewusstes, positives, l\u00f6sungsorientiertes und freundliches Auftreten sowie Kreativit\u00e4t, Eigeninitiative und eine strukturierte Arbeitsweise<\/span><\/li>\n<\/ul>\n<p>Schicke Deine Bewerbung per Mail an Anica: <a href=\"mailto:info@nosade.com\">info@nosade.com<\/a><\/p>\n<p><strong>WIR FREUEN UNS AUF DICH!<\/strong><\/p>\n<\/div>\n<\/div>\n<\/div>\n<\/div>\n","protected":false},"excerpt":{"rendered":"<p>Mit einem wachsenden, ambitionierten, engagierten und kreativen Team arbeiten wir seit 2014 am Ausbau unserer Idee. Werde jetzt Teil unseres Teams!<\/p>\n","protected":false},"author":1,"featured_media":0,"parent":0,"menu_order":0,"comment_status":"closed","ping_status":"closed","template":"template-full.php","meta":{"_acf_changed":false,"footnotes":""},"class_list":["post-365","page","type-page","status-publish","hentry"],"acf":[],"yoast_head":"<!-- This site is optimized with the Yoast SEO plugin v26.5 - https:\/\/yoast.com\/wordpress\/plugins\/seo\/ -->\n<title>Jobs - NOSADE<\/title>\n<meta name=\"description\" content=\"Mit einem wachsenden, ambitionierten, engagierten und kreativen Team arbeiten wir seit 2014 unerm\u00fcdlich, engagiert und motiviert am Ausbau unserer Idee. Werde jetzt Teil unseres multinationalen Teams!\" \/>\n<meta name=\"robots\" content=\"index, follow, max-snippet:-1, max-image-preview:large, max-video-preview:-1\" \/>\n<link rel=\"canonical\" href=\"https:\/\/nosade.com\/de\/jobs-nosade\/\" \/>\n<meta property=\"og:locale\" content=\"de_DE\" \/>\n<meta property=\"og:type\" content=\"article\" \/>\n<meta property=\"og:title\" content=\"Jobs - NOSADE\" \/>\n<meta property=\"og:description\" content=\"Mit einem wachsenden, ambitionierten, engagierten und kreativen Team arbeiten wir seit 2014 unerm\u00fcdlich, engagiert und motiviert am Ausbau unserer Idee. Werde jetzt Teil unseres multinationalen Teams!\" \/>\n<meta property=\"og:url\" content=\"https:\/\/nosade.com\/de\/jobs-nosade\/\" \/>\n<meta property=\"og:site_name\" content=\"NOSADE\" \/>\n<meta property=\"article:modified_time\" content=\"2024-12-01T10:57:41+00:00\" \/>\n<meta name=\"twitter:label1\" content=\"Gesch\u00e4tzte Lesezeit\" \/>\n\t<meta name=\"twitter:data1\" content=\"1\u00a0Minute\" \/>\n<script type=\"application\/ld+json\" class=\"yoast-schema-graph\">{\"@context\":\"https:\/\/schema.org\",\"@graph\":[{\"@type\":\"WebPage\",\"@id\":\"https:\/\/nosade.com\/de\/jobs-nosade\/\",\"url\":\"https:\/\/nosade.com\/de\/jobs-nosade\/\",\"name\":\"Jobs - NOSADE\",\"isPartOf\":{\"@id\":\"https:\/\/nosade.com\/de\/#website\"},\"datePublished\":\"2020-04-10T08:22:46+00:00\",\"dateModified\":\"2024-12-01T10:57:41+00:00\",\"description\":\"Mit einem wachsenden, ambitionierten, engagierten und kreativen Team arbeiten wir seit 2014 unerm\u00fcdlich, engagiert und motiviert am Ausbau unserer Idee. Werde jetzt Teil unseres multinationalen Teams!\",\"breadcrumb\":{\"@id\":\"https:\/\/nosade.com\/de\/jobs-nosade\/#breadcrumb\"},\"inLanguage\":\"de\",\"potentialAction\":[{\"@type\":\"ReadAction\",\"target\":[\"https:\/\/nosade.com\/de\/jobs-nosade\/\"]}]},{\"@type\":\"BreadcrumbList\",\"@id\":\"https:\/\/nosade.com\/de\/jobs-nosade\/#breadcrumb\",\"itemListElement\":[{\"@type\":\"ListItem\",\"position\":1,\"name\":\"Home\",\"item\":\"https:\/\/nosade.com\/de\/\"},{\"@type\":\"ListItem\",\"position\":2,\"name\":\"Jobs\"}]},{\"@type\":\"WebSite\",\"@id\":\"https:\/\/nosade.com\/de\/#website\",\"url\":\"https:\/\/nosade.com\/de\/\",\"name\":\"NOSADE\",\"description\":\"Yoga Reisen & Sahara W\u00fcstentouren f\u00fcr Nomadenherzen\",\"potentialAction\":[{\"@type\":\"SearchAction\",\"target\":{\"@type\":\"EntryPoint\",\"urlTemplate\":\"https:\/\/nosade.com\/de\/?s={search_term_string}\"},\"query-input\":{\"@type\":\"PropertyValueSpecification\",\"valueRequired\":true,\"valueName\":\"search_term_string\"}}],\"inLanguage\":\"de\"}]}<\/script>\n<!-- \/ Yoast SEO plugin. -->","yoast_head_json":{"title":"Jobs - NOSADE","description":"Mit einem wachsenden, ambitionierten, engagierten und kreativen Team arbeiten wir seit 2014 unerm\u00fcdlich, engagiert und motiviert am Ausbau unserer Idee. Werde jetzt Teil unseres multinationalen Teams!","robots":{"index":"index","follow":"follow","max-snippet":"max-snippet:-1","max-image-preview":"max-image-preview:large","max-video-preview":"max-video-preview:-1"},"canonical":"https:\/\/nosade.com\/de\/jobs-nosade\/","og_locale":"de_DE","og_type":"article","og_title":"Jobs - NOSADE","og_description":"Mit einem wachsenden, ambitionierten, engagierten und kreativen Team arbeiten wir seit 2014 unerm\u00fcdlich, engagiert und motiviert am Ausbau unserer Idee. Werde jetzt Teil unseres multinationalen Teams!","og_url":"https:\/\/nosade.com\/de\/jobs-nosade\/","og_site_name":"NOSADE","article_modified_time":"2024-12-01T10:57:41+00:00","twitter_misc":{"Gesch\u00e4tzte Lesezeit":"1\u00a0Minute"},"schema":{"@context":"https:\/\/schema.org","@graph":[{"@type":"WebPage","@id":"https:\/\/nosade.com\/de\/jobs-nosade\/","url":"https:\/\/nosade.com\/de\/jobs-nosade\/","name":"Jobs - NOSADE","isPartOf":{"@id":"https:\/\/nosade.com\/de\/#website"},"datePublished":"2020-04-10T08:22:46+00:00","dateModified":"2024-12-01T10:57:41+00:00","description":"Mit einem wachsenden, ambitionierten, engagierten und kreativen Team arbeiten wir seit 2014 unerm\u00fcdlich, engagiert und motiviert am Ausbau unserer Idee. Werde jetzt Teil unseres multinationalen Teams!","breadcrumb":{"@id":"https:\/\/nosade.com\/de\/jobs-nosade\/#breadcrumb"},"inLanguage":"de","potentialAction":[{"@type":"ReadAction","target":["https:\/\/nosade.com\/de\/jobs-nosade\/"]}]},{"@type":"BreadcrumbList","@id":"https:\/\/nosade.com\/de\/jobs-nosade\/#breadcrumb","itemListElement":[{"@type":"ListItem","position":1,"name":"Home","item":"https:\/\/nosade.com\/de\/"},{"@type":"ListItem","position":2,"name":"Jobs"}]},{"@type":"WebSite","@id":"https:\/\/nosade.com\/de\/#website","url":"https:\/\/nosade.com\/de\/","name":"NOSADE","description":"Yoga Reisen & Sahara W\u00fcstentouren f\u00fcr Nomadenherzen","potentialAction":[{"@type":"SearchAction","target":{"@type":"EntryPoint","urlTemplate":"https:\/\/nosade.com\/de\/?s={search_term_string}"},"query-input":{"@type":"PropertyValueSpecification","valueRequired":true,"valueName":"search_term_string"}}],"inLanguage":"de"}]}},"_links":{"self":[{"href":"https:\/\/nosade.com\/de\/wp-json\/wp\/v2\/pages\/365","targetHints":{"allow":["GET"]}}],"collection":[{"href":"https:\/\/nosade.com\/de\/wp-json\/wp\/v2\/pages"}],"about":[{"href":"https:\/\/nosade.com\/de\/wp-json\/wp\/v2\/types\/page"}],"author":[{"embeddable":true,"href":"https:\/\/nosade.com\/de\/wp-json\/wp\/v2\/users\/1"}],"replies":[{"embeddable":true,"href":"https:\/\/nosade.com\/de\/wp-json\/wp\/v2\/comments?post=365"}],"version-history":[{"count":38,"href":"https:\/\/nosade.com\/de\/wp-json\/wp\/v2\/pages\/365\/revisions"}],"predecessor-version":[{"id":23909,"href":"https:\/\/nosade.com\/de\/wp-json\/wp\/v2\/pages\/365\/revisions\/23909"}],"wp:attachment":[{"href":"https:\/\/nosade.com\/de\/wp-json\/wp\/v2\/media?parent=365"}],"curies":[{"name":"wp","href":"https:\/\/api.w.org\/{rel}","templated":true}]}}