{"id":3547,"date":"2017-03-09T12:51:31","date_gmt":"2017-03-09T11:51:31","guid":{"rendered":"http:\/\/nosade.com\/?page_id=3547"},"modified":"2018-01-10T15:17:45","modified_gmt":"2018-01-10T14:17:45","slug":"gaestebewertungendemo","status":"publish","type":"page","link":"https:\/\/nosade.com\/de\/gaestebewertungendemo\/","title":{"rendered":"G\u00e4stebewertungen:DEMO"},"content":{"rendered":"<p>&nbsp;<\/p>\n<div class=\"rating-slider has-logo clearfix\" data-speed=\"9500\"><span class=\"logo\"><a href=\"https:\/\/www.tripadvisor.de\/Attraction_Review-g304017-d7650534-Reviews-Nosade_Day_Tours-Merzouga_Meknes_Tafilalet_Region.html\" target=\"_blank\"><img decoding=\"async\" src=\"https:\/\/nosade.com\/wp-content\/uploads\/tripadvisor_DE_ReviewUs_white-e1513533812389.jpg\" alt=\"\"><\/a><\/span><div class=\"slider\"><div class=\"slick clearfix\"><div class=\"slide\">\u201eDas Nosadeteam versteht es, sich auf jeden einzelnen Teilnehmer einzustellen und W\u00fcnsche zus\u00e4tzlich zum geplanten Programm zu erf\u00fcllen (&#8230;) Auch bei der Yogapraxis kommt jeder Reisende auf seine Kosten, weil auf die unterschiedlichen Yogavorkenntnisse und F\u00e4higkeiten durch professionelle Lehrer eingegangen wird&#8230;\u201c<\/div><div class=\"slide\">\u201eMarrakech in all seinen Facetten und dazu die Ruhe des Riads mitten im Get\u00fcmmel, tolles Yoga und fantastisches Essen &#8211; mehr kann man von einem entspannten Jahreswechsel nicht erwarten&#8230;\u201c<\/div><div class=\"slide\">\u201eEntspanntheit und Ruhe an der marokkanischen Atlantikk\u00fcste in wunderbarer Einheit mit Yoga.\u00a0Alles was man braucht, um K\u00f6rper und Geist in Einklang zu bringen.\u00a0Mit Nosade verreisen hei\u00dft in einer individuellen, entspannten und einzigartig unaufgeregten Mischung die vielen Facetten Marokkos n\u00e4her gebracht zu bekommen&#8230;.\u201c<\/div><div class=\"slide\">\u201eA trip of a lifetime! Das war das Fazit einer Mitreisenden nach unserer letzten Yogasession zum Abschluss der Reise zur\u00fcck in Marrakech. Hinter uns lagen unvergessliche Tage zwischen dem lauten, bunten und wuseligen Marrkakech und der Ruhe und Weite der W\u00fcste um Merzouga&#8230;\u201c<\/div><div class=\"slide\">\u201eDie Reise mit Nosade bot genau die richtige Mischung aus Ruhe und Erholung beim t\u00e4glichen Yoga wie auch verschiedene Stationen, um Marokko zu entdecken! Die Unterk\u00fcnfte waren alle gut ausgew\u00e4hlt, wir wurden \u00fcberall herzlich empfangen und das Essen in der W\u00fcste war hervorragend&#8230;\u201c<\/div><div class=\"slide\">\u201eAbsolut empfehlenswert! Tolle Yoga Stunden, ausgeglichenes Programm mit Zeit f\u00fcr sich selbst, um die Stadt zu erkunden, lustige Gruppe und wundersch\u00f6nes Riad mit leckerem Essen. Yoga Teacher war hervorragend und inspirierend. Marrakesch als pulsierende Stadt und trotzdem Entspannung&#8230;\u201c<\/div><\/div><span class=\"more clearfix\"><a href=\"https:\/\/www.tripadvisor.de\/Attraction_Review-g304017-d7650534-Reviews-Nosade_Day_Tours-Merzouga_Meknes_Tafilalet_Region.html\" target=\"_blank\">MEHR AUF TRIPADVISOR ERFAHREN<\/a><\/span><\/div><\/div>\n<p>&nbsp;<\/p>\n<div class=\"rating-slider has-logo clearfix\" data-speed=\"9500\"><span class=\"logo\"><a href=\"https:\/\/www.tripadvisor.com\/Attraction_Review-g304017-d7650534-Reviews-Nosade_Day_Tours-Merzouga_Meknes_Tafilalet_Region.html\" target=\"_blank\"><img decoding=\"async\" src=\"https:\/\/nosade.com\/wp-content\/uploads\/tripadvisor_DE_ReviewUs_white-e1513533812389.jpg\" alt=\"\"><\/a><\/span><div class=\"slider\"><div class=\"slick clearfix\"><div class=\"slide\">\u201eI just returned home from the 10-day desert yoga retreat with Nosade and it was truly magical. I loved every minute and would recommend Nosade to all interested in seeing Morocco (&#8230;) Thank you Nosade for your attention to detail and excellent customer service&#8230;\u201c<\/div><div class=\"slide\">\u201eI joined a 10 day Christmas trip to the Sahara desert with Nosade, and am very glad I did. Seeing Morocco with\u00a0the agenda of this trip gives you a window into this country you would never have on a typical tourist trip. The nights and days we spent camping in the Sahara were pure magic. Thanks Anica and Yidir, for a wonderful holiday trip&#8230;\u201c<\/div><div class=\"slide\">\u201eI joined Nosade for a Yoga &amp; Surf Retreat in Aourir in November. The service and accomodation was excellent, the food delicious, all team members very attentive and open-hearted and with Katrin Witt we had a wonderful teacher full of positve energy. It was a unique experience and I loved every minute of my stay. I would highly recommend Nosade to anyone looking for a genuine, unique and relaxed yoga experience. I will definitely come back&#8230;\u201c<\/div><div class=\"slide\">\u201eIt was my second trip to Morocco and this time the highlight supposed to be a desert, Erg Chebbi dunes near Merzouga. It was, thanks to NOSADE!\u00a0I had researched a lot of tourist companies till I finally find Nosade. From the first mail correspondence with Anica I had a good feeling that this is the company which can offer me exactly what I need, according to my request. And they really filled my expectations for 100%&#8230;\u201c<\/div><div class=\"slide\">\u201eI have never traveled by myself before, so a trip like this was outside of my comfort zone. Anica &amp; NOSADE tours did everything to make me feel welcome and comfortable the entire time. She was always available to answer questions and was very flexible with special requests. I would 100% recommend NOSADE to my friends and family.\u00a0Thank you for a wonderful trip to remember&#8230;\u201c<\/div><\/div><span class=\"more clearfix\"><a href=\"https:\/\/www.tripadvisor.com\/Attraction_Review-g304017-d7650534-Reviews-Nosade_Day_Tours-Merzouga_Meknes_Tafilalet_Region.html\" target=\"_blank\">READ MORE ON TRIPADVISOR<\/a><\/span><\/div><\/div>\n","protected":false},"excerpt":{"rendered":"<p>&nbsp; &nbsp;<\/p>\n","protected":false},"author":4,"featured_media":0,"parent":0,"menu_order":0,"comment_status":"closed","ping_status":"closed","template":"template-full.php","meta":{"_acf_changed":false,"footnotes":""},"class_list":["post-3547","page","type-page","status-publish","hentry"],"acf":[],"yoast_head":"<!-- This site is optimized with the Yoast SEO plugin v26.5 - https:\/\/yoast.com\/wordpress\/plugins\/seo\/ -->\n<title>G\u00e4stebewertungen:DEMO - NOSADE<\/title>\n<meta name=\"description\" content=\"&nbsp;    &nbsp;\" \/>\n<meta name=\"robots\" content=\"index, follow, max-snippet:-1, max-image-preview:large, max-video-preview:-1\" \/>\n<link rel=\"canonical\" href=\"https:\/\/nosade.com\/de\/gaestebewertungendemo\/\" \/>\n<meta property=\"og:locale\" content=\"de_DE\" \/>\n<meta property=\"og:type\" content=\"article\" \/>\n<meta property=\"og:title\" content=\"G\u00e4stebewertungen:DEMO - NOSADE\" \/>\n<meta property=\"og:description\" content=\"&nbsp;    &nbsp;\" \/>\n<meta property=\"og:url\" content=\"https:\/\/nosade.com\/de\/gaestebewertungendemo\/\" \/>\n<meta property=\"og:site_name\" content=\"NOSADE\" \/>\n<meta property=\"article:modified_time\" content=\"2018-01-10T14:17:45+00:00\" \/>\n<meta name=\"twitter:label1\" content=\"Gesch\u00e4tzte Lesezeit\" \/>\n\t<meta name=\"twitter:data1\" content=\"3\u00a0Minuten\" \/>\n<script type=\"application\/ld+json\" class=\"yoast-schema-graph\">{\"@context\":\"https:\/\/schema.org\",\"@graph\":[{\"@type\":\"WebPage\",\"@id\":\"https:\/\/nosade.com\/de\/gaestebewertungendemo\/\",\"url\":\"https:\/\/nosade.com\/de\/gaestebewertungendemo\/\",\"name\":\"G\u00e4stebewertungen:DEMO - NOSADE\",\"isPartOf\":{\"@id\":\"https:\/\/nosade.com\/de\/#website\"},\"datePublished\":\"2017-03-09T11:51:31+00:00\",\"dateModified\":\"2018-01-10T14:17:45+00:00\",\"description\":\"&nbsp; &nbsp;\",\"breadcrumb\":{\"@id\":\"https:\/\/nosade.com\/de\/gaestebewertungendemo\/#breadcrumb\"},\"inLanguage\":\"de\",\"potentialAction\":[{\"@type\":\"ReadAction\",\"target\":[\"https:\/\/nosade.com\/de\/gaestebewertungendemo\/\"]}]},{\"@type\":\"BreadcrumbList\",\"@id\":\"https:\/\/nosade.com\/de\/gaestebewertungendemo\/#breadcrumb\",\"itemListElement\":[{\"@type\":\"ListItem\",\"position\":1,\"name\":\"Home\",\"item\":\"https:\/\/nosade.com\/de\/\"},{\"@type\":\"ListItem\",\"position\":2,\"name\":\"G\u00e4stebewertungen:DEMO\"}]},{\"@type\":\"WebSite\",\"@id\":\"https:\/\/nosade.com\/de\/#website\",\"url\":\"https:\/\/nosade.com\/de\/\",\"name\":\"NOSADE\",\"description\":\"Yoga Reisen & Sahara W\u00fcstentouren f\u00fcr Nomadenherzen\",\"potentialAction\":[{\"@type\":\"SearchAction\",\"target\":{\"@type\":\"EntryPoint\",\"urlTemplate\":\"https:\/\/nosade.com\/de\/?s={search_term_string}\"},\"query-input\":{\"@type\":\"PropertyValueSpecification\",\"valueRequired\":true,\"valueName\":\"search_term_string\"}}],\"inLanguage\":\"de\"}]}<\/script>\n<!-- \/ Yoast SEO plugin. -->","yoast_head_json":{"title":"G\u00e4stebewertungen:DEMO - NOSADE","description":"&nbsp;    &nbsp;","robots":{"index":"index","follow":"follow","max-snippet":"max-snippet:-1","max-image-preview":"max-image-preview:large","max-video-preview":"max-video-preview:-1"},"canonical":"https:\/\/nosade.com\/de\/gaestebewertungendemo\/","og_locale":"de_DE","og_type":"article","og_title":"G\u00e4stebewertungen:DEMO - NOSADE","og_description":"&nbsp;    &nbsp;","og_url":"https:\/\/nosade.com\/de\/gaestebewertungendemo\/","og_site_name":"NOSADE","article_modified_time":"2018-01-10T14:17:45+00:00","twitter_misc":{"Gesch\u00e4tzte Lesezeit":"3\u00a0Minuten"},"schema":{"@context":"https:\/\/schema.org","@graph":[{"@type":"WebPage","@id":"https:\/\/nosade.com\/de\/gaestebewertungendemo\/","url":"https:\/\/nosade.com\/de\/gaestebewertungendemo\/","name":"G\u00e4stebewertungen:DEMO - NOSADE","isPartOf":{"@id":"https:\/\/nosade.com\/de\/#website"},"datePublished":"2017-03-09T11:51:31+00:00","dateModified":"2018-01-10T14:17:45+00:00","description":"&nbsp; &nbsp;","breadcrumb":{"@id":"https:\/\/nosade.com\/de\/gaestebewertungendemo\/#breadcrumb"},"inLanguage":"de","potentialAction":[{"@type":"ReadAction","target":["https:\/\/nosade.com\/de\/gaestebewertungendemo\/"]}]},{"@type":"BreadcrumbList","@id":"https:\/\/nosade.com\/de\/gaestebewertungendemo\/#breadcrumb","itemListElement":[{"@type":"ListItem","position":1,"name":"Home","item":"https:\/\/nosade.com\/de\/"},{"@type":"ListItem","position":2,"name":"G\u00e4stebewertungen:DEMO"}]},{"@type":"WebSite","@id":"https:\/\/nosade.com\/de\/#website","url":"https:\/\/nosade.com\/de\/","name":"NOSADE","description":"Yoga Reisen & Sahara W\u00fcstentouren f\u00fcr Nomadenherzen","potentialAction":[{"@type":"SearchAction","target":{"@type":"EntryPoint","urlTemplate":"https:\/\/nosade.com\/de\/?s={search_term_string}"},"query-input":{"@type":"PropertyValueSpecification","valueRequired":true,"valueName":"search_term_string"}}],"inLanguage":"de"}]}},"_links":{"self":[{"href":"https:\/\/nosade.com\/de\/wp-json\/wp\/v2\/pages\/3547","targetHints":{"allow":["GET"]}}],"collection":[{"href":"https:\/\/nosade.com\/de\/wp-json\/wp\/v2\/pages"}],"about":[{"href":"https:\/\/nosade.com\/de\/wp-json\/wp\/v2\/types\/page"}],"author":[{"embeddable":true,"href":"https:\/\/nosade.com\/de\/wp-json\/wp\/v2\/users\/4"}],"replies":[{"embeddable":true,"href":"https:\/\/nosade.com\/de\/wp-json\/wp\/v2\/comments?post=3547"}],"version-history":[{"count":25,"href":"https:\/\/nosade.com\/de\/wp-json\/wp\/v2\/pages\/3547\/revisions"}],"predecessor-version":[{"id":5974,"href":"https:\/\/nosade.com\/de\/wp-json\/wp\/v2\/pages\/3547\/revisions\/5974"}],"wp:attachment":[{"href":"https:\/\/nosade.com\/de\/wp-json\/wp\/v2\/media?parent=3547"}],"curies":[{"name":"wp","href":"https:\/\/api.w.org\/{rel}","templated":true}]}}