{"id":277,"date":"2020-02-01T18:38:15","date_gmt":"2020-02-01T17:38:15","guid":{"rendered":"http:\/\/nosade.com\/?page_id=277"},"modified":"2020-02-01T21:43:03","modified_gmt":"2020-02-01T20:43:03","slug":"yoga-reise-marokko","status":"publish","type":"page","link":"https:\/\/nosade.com\/de\/yoga-reise-marokko\/","title":{"rendered":"Yoga Retreats Marokko"},"content":{"rendered":"<h5><strong>NOSADE IST AUF YOGA RETREATS IN MARRAKESCH UND<br \/>\nW\u00dcSTEN-YOGAREISEN IN MAROKKO SPEZIALISIERT.<\/strong><\/h5>\n<h6>Als Familienunternehmen ist es unser Ziel, die Sch\u00f6nheit der beiden faszinierendsten Sehensw\u00fcrdigkeiten Marokkos sowie die reiche und Jahrtausend alte marokkanische Kultur auf authentische, individuelle und famili\u00e4re Weise mit unseren G\u00e4sten zu teilen. Der Yoga soll Dir hierbei ein begleitendes und diese Erfahrung wunderbar erg\u00e4nzendes Element sein.<br \/>\nErkunde mit uns dieses Land voller Mystik &#8211; fernab abgetretener Touristenpfade!<\/h6>\n<div class=\"box-container clearfix desert\">\n\n<!-- BEGIN .third columns -->\n<div class=\"third columns\">\n\n\t<!-- BEGIN .post class -->\n\t<div class=\"post-holder post-277 page type-page status-publish hentry\">\n\n\t\t\t\t\t<a href=\"\/de\/yoga-retreats-marokko\/\" rel=\"bookmark\" title=\"SAHARA DESERT<br \/>\nYOGA RETREATS\"><img decoding=\"async\" src=\"https:\/\/nosade.com\/wp-content\/uploads\/Desert-Yoga-Retreat-Morocco_Source-Luderwaldt-Photography-for-NOSADE.jpg\" alt=\"SAHARA DESERT<br \/>\nYOGA RETREATS\"><\/a>\t\t\n\t\t<!-- BEGIN .intro -->\n\t\t<div class=\"intro\">\n\t\t\t<h3 class=\"title\"><a href=\"\/de\/yoga-retreats-marokko\/\" rel=\"bookmark\" title=\"SAHARA DESERT<br \/>\nYOGA RETREATS\">SAHARA DESERT<br \/>\nYOGA RETREATS<\/a><\/h3>\n\t\t<!-- END .intro -->\n\t\t<\/div>\n\n\t\t<!-- BEGIN .article -->\n\t\t<div class=\"article\">\n\n\t\t\t<p>Yoga \u00fcber den D\u00e4chern des magischen Marrakech's. Eine Reise in die Ruhe, Abgeschiedenheit und unendlich scheinenden Weiten der Sahara W\u00fcste. Tauche ein in Dich und die sch\u00f6nsten und inspirierendsten Orte Marokko's!<\/p>\n\n\t\t\t<div class=\"btn-container \"><a class=\"organic-btn  blue-btn small-btn \" href=\"\/de\/yoga-retreats-marokko\/\"><span class=\"btn-holder\">Info &amp; Buchung<\/span><\/a><\/div>\n\t\t<!-- END .article -->\n\t\t<\/div>\n\n\t<!-- END .post class -->\n\t<\/div>\n\n<!-- END .third columns -->\n<\/div>\n\n<!-- BEGIN .third columns -->\n<div class=\"third columns\">\n\n\t<!-- BEGIN .post class -->\n\t<div class=\"post-holder post-277 page type-page status-publish hentry\">\n\n\t\t\t\t\t<a href=\"http:\/\/nosade.com\/de\/yoga-in-marrakech\/\" rel=\"bookmark\" title=\"URBAN MARRAKESCH YOGA RETREATS\"><img decoding=\"async\" src=\"https:\/\/nosade.com\/wp-content\/uploads\/Marrakech-Yoga-Retreat_Source-Luderwaldt-Photography-for-NOSADE.jpg\" alt=\"URBAN MARRAKESCH YOGA RETREATS\"><\/a>\t\t\n\t\t<!-- BEGIN .intro -->\n\t\t<div class=\"intro\">\n\t\t\t<h3 class=\"title\"><a href=\"http:\/\/nosade.com\/de\/yoga-in-marrakech\/\" rel=\"bookmark\" title=\"URBAN MARRAKESCH YOGA RETREATS\">URBAN MARRAKESCH YOGA RETREATS<\/a><\/h3>\n\t\t<!-- END .intro -->\n\t\t<\/div>\n\n\t\t<!-- BEGIN .article -->\n\t\t<div class=\"article\">\n\n\t\t\t<p>Yoga &amp; Kultur in Marokko\u2019s sehenswertester, lebendiger, historischer und altert\u00fcmlicher Stadt Marrakech. Genie\u00dfe Tage voll von Inspirationen, kultureller Bereicherung und Marrakech's mystischer Magie, eingerahmt von zwei t\u00e4glichen Yogaklassen!<\/p>\n\n\t\t\t<div class=\"btn-container \"><a class=\"organic-btn  blue-btn small-btn \" href=\"http:\/\/nosade.com\/de\/yoga-in-marrakech\/\"><span class=\"btn-holder\">Info &amp; Buchung<\/span><\/a><\/div>\n\t\t<!-- END .article -->\n\t\t<\/div>\n\n\t<!-- END .post class -->\n\t<\/div>\n\n<!-- END .third columns -->\n<\/div>\n\n<!-- BEGIN .third columns -->\n<div class=\"third columns\">\n\n\t<!-- BEGIN .post class -->\n\t<div class=\"post-holder post-277 page type-page status-publish hentry\">\n\n\t\t\t\t\t<a href=\"http:\/\/nosade.com\/de\/marokko-yoga-rundreise\/\" rel=\"bookmark\" title=\"SPECIAL YOGA<br \/>\nRETREATS\"><img decoding=\"async\" src=\"https:\/\/nosade.com\/wp-content\/uploads\/Morocco-Yoga-Rountrip_Source-Luderwaldt-Photography-for-NOSADE.jpg\" alt=\"SPECIAL YOGA<br \/>\nRETREATS\"><\/a>\t\t\n\t\t<!-- BEGIN .intro -->\n\t\t<div class=\"intro\">\n\t\t\t<h3 class=\"title\"><a href=\"http:\/\/nosade.com\/de\/marokko-yoga-rundreise\/\" rel=\"bookmark\" title=\"SPECIAL YOGA<br \/>\nRETREATS\">SPECIAL YOGA<br \/>\nRETREATS<\/a><\/h3>\n\t\t<!-- END .intro -->\n\t\t<\/div>\n\n\t\t<!-- BEGIN .article -->\n\t\t<div class=\"article\">\n\n\t\t\t<p>Auf Weihnachten, Silvester, oder sonstige haupts\u00e4chlich auf die Ferien-\/Urlaubszeit und beliebte Reisezeiten abgestimmte Daten zu unseren beliebten URBAN MARRAKESCH sowie DESERT YOGA RETREATS findest Du in dieser Kategorie.<\/p>\n\n\t\t\t<div class=\"btn-container \"><a class=\"organic-btn  blue-btn small-btn \" href=\"http:\/\/nosade.com\/de\/marokko-yoga-rundreise\/\"><span class=\"btn-holder\">Info &amp; Buchung<\/span><\/a><\/div>\n\t\t<!-- END .article -->\n\t\t<\/div>\n\n\t<!-- END .post class -->\n\t<\/div>\n\n<!-- END .third columns -->\n<\/div>\n\n<\/div>\n<h2><a href=\"http:\/\/nosade.com\/de\/aktuelle-retreatangebote\/\" target=\"_blank\" rel=\"noopener noreferrer\"><strong>Aktuelle Retreatangebote\u00a0<\/strong><\/a><\/h2>\n<p><a href=\"http:\/\/nosade.com\/upcoming-events\/\"><img decoding=\"async\" src=\"https:\/\/nosade.com\/wp-content\/uploads\/Rooftop-Yoga-in-Marrakech_Source-NOSADE.jpg\" alt=\"rooftop image\" \/><\/a><\/p>\n<div class=\"box-container clearfix desert\"><\/div>\n<div>\n<p><strong>Mit dem Marokko-Spezialist NOSADE auf zu\u00a0authentischen, individuell gestalteten und famili\u00e4ren Yogareisen nach Marokko. <\/strong><strong>Wir freuen uns auf Dich!<\/strong><\/p>\n<div class=\"btn-container \"><a class=\"organic-btn  blue-btn small-btn \" href=\"http:\/\/nosade.com\/de\/aktuelle-retreatangebote\/\"><span class=\"btn-holder\">Alle Yoga Retreats im \u00dcberblick<\/span><\/a><\/div>\n<\/div>\n","protected":false},"excerpt":{"rendered":"<p>NOSADE ist auf Yoga Retreats in Marrakesch und W\u00fcsten-Yogareisen in Marokko spezialisiert.<\/p>\n","protected":false},"author":1,"featured_media":0,"parent":0,"menu_order":0,"comment_status":"open","ping_status":"closed","template":"template-full.php","meta":{"_acf_changed":false,"footnotes":""},"class_list":["post-277","page","type-page","status-publish","hentry"],"acf":[],"yoast_head":"<!-- This site is optimized with the Yoast SEO plugin v26.5 - https:\/\/yoast.com\/wordpress\/plugins\/seo\/ -->\n<title>Yoga Retreats Marokko - NOSADE<\/title>\n<meta name=\"description\" content=\"NOSADE ist auf Yoga Retreats in Marrakesch und W\u00fcsten-Yogareisen in Marokko spezialisiert.\" \/>\n<meta name=\"robots\" content=\"index, follow, max-snippet:-1, max-image-preview:large, max-video-preview:-1\" \/>\n<link rel=\"canonical\" href=\"https:\/\/nosade.com\/de\/yoga-reise-marokko\/\" \/>\n<meta property=\"og:locale\" content=\"de_DE\" \/>\n<meta property=\"og:type\" content=\"article\" \/>\n<meta property=\"og:title\" content=\"Yoga Retreats Marokko - NOSADE\" \/>\n<meta property=\"og:description\" content=\"NOSADE ist auf Yoga Retreats in Marrakesch und W\u00fcsten-Yogareisen in Marokko spezialisiert.\" \/>\n<meta property=\"og:url\" content=\"https:\/\/nosade.com\/de\/yoga-reise-marokko\/\" \/>\n<meta property=\"og:site_name\" content=\"NOSADE\" \/>\n<meta property=\"article:modified_time\" content=\"2020-02-01T20:43:03+00:00\" \/>\n<meta property=\"og:image\" content=\"https:\/\/nosade.com\/wp-content\/uploads\/Rooftop-Yoga-in-Marrakech_Source-NOSADE.jpg\" \/>\n<meta name=\"twitter:label1\" content=\"Gesch\u00e4tzte Lesezeit\" \/>\n\t<meta name=\"twitter:data1\" content=\"1\u00a0Minute\" \/>\n<script type=\"application\/ld+json\" class=\"yoast-schema-graph\">{\"@context\":\"https:\/\/schema.org\",\"@graph\":[{\"@type\":\"WebPage\",\"@id\":\"https:\/\/nosade.com\/de\/yoga-reise-marokko\/\",\"url\":\"https:\/\/nosade.com\/de\/yoga-reise-marokko\/\",\"name\":\"Yoga Retreats Marokko - NOSADE\",\"isPartOf\":{\"@id\":\"https:\/\/nosade.com\/de\/#website\"},\"primaryImageOfPage\":{\"@id\":\"https:\/\/nosade.com\/de\/yoga-reise-marokko\/#primaryimage\"},\"image\":{\"@id\":\"https:\/\/nosade.com\/de\/yoga-reise-marokko\/#primaryimage\"},\"thumbnailUrl\":\"https:\/\/nosade.com\/wp-content\/uploads\/Rooftop-Yoga-in-Marrakech_Source-NOSADE.jpg\",\"datePublished\":\"2020-02-01T17:38:15+00:00\",\"dateModified\":\"2020-02-01T20:43:03+00:00\",\"description\":\"NOSADE ist auf Yoga Retreats in Marrakesch und W\u00fcsten-Yogareisen in Marokko spezialisiert.\",\"breadcrumb\":{\"@id\":\"https:\/\/nosade.com\/de\/yoga-reise-marokko\/#breadcrumb\"},\"inLanguage\":\"de\",\"potentialAction\":[{\"@type\":\"ReadAction\",\"target\":[\"https:\/\/nosade.com\/de\/yoga-reise-marokko\/\"]}]},{\"@type\":\"ImageObject\",\"inLanguage\":\"de\",\"@id\":\"https:\/\/nosade.com\/de\/yoga-reise-marokko\/#primaryimage\",\"url\":\"https:\/\/nosade.com\/wp-content\/uploads\/Rooftop-Yoga-in-Marrakech_Source-NOSADE.jpg\",\"contentUrl\":\"https:\/\/nosade.com\/wp-content\/uploads\/Rooftop-Yoga-in-Marrakech_Source-NOSADE.jpg\"},{\"@type\":\"BreadcrumbList\",\"@id\":\"https:\/\/nosade.com\/de\/yoga-reise-marokko\/#breadcrumb\",\"itemListElement\":[{\"@type\":\"ListItem\",\"position\":1,\"name\":\"Home\",\"item\":\"https:\/\/nosade.com\/de\/\"},{\"@type\":\"ListItem\",\"position\":2,\"name\":\"Yoga Retreats Marokko\"}]},{\"@type\":\"WebSite\",\"@id\":\"https:\/\/nosade.com\/de\/#website\",\"url\":\"https:\/\/nosade.com\/de\/\",\"name\":\"NOSADE\",\"description\":\"Yoga Reisen & Sahara W\u00fcstentouren f\u00fcr Nomadenherzen\",\"potentialAction\":[{\"@type\":\"SearchAction\",\"target\":{\"@type\":\"EntryPoint\",\"urlTemplate\":\"https:\/\/nosade.com\/de\/?s={search_term_string}\"},\"query-input\":{\"@type\":\"PropertyValueSpecification\",\"valueRequired\":true,\"valueName\":\"search_term_string\"}}],\"inLanguage\":\"de\"}]}<\/script>\n<!-- \/ Yoast SEO plugin. -->","yoast_head_json":{"title":"Yoga Retreats Marokko - NOSADE","description":"NOSADE ist auf Yoga Retreats in Marrakesch und W\u00fcsten-Yogareisen in Marokko spezialisiert.","robots":{"index":"index","follow":"follow","max-snippet":"max-snippet:-1","max-image-preview":"max-image-preview:large","max-video-preview":"max-video-preview:-1"},"canonical":"https:\/\/nosade.com\/de\/yoga-reise-marokko\/","og_locale":"de_DE","og_type":"article","og_title":"Yoga Retreats Marokko - NOSADE","og_description":"NOSADE ist auf Yoga Retreats in Marrakesch und W\u00fcsten-Yogareisen in Marokko spezialisiert.","og_url":"https:\/\/nosade.com\/de\/yoga-reise-marokko\/","og_site_name":"NOSADE","article_modified_time":"2020-02-01T20:43:03+00:00","og_image":[{"url":"https:\/\/nosade.com\/wp-content\/uploads\/Rooftop-Yoga-in-Marrakech_Source-NOSADE.jpg","type":"","width":"","height":""}],"twitter_misc":{"Gesch\u00e4tzte Lesezeit":"1\u00a0Minute"},"schema":{"@context":"https:\/\/schema.org","@graph":[{"@type":"WebPage","@id":"https:\/\/nosade.com\/de\/yoga-reise-marokko\/","url":"https:\/\/nosade.com\/de\/yoga-reise-marokko\/","name":"Yoga Retreats Marokko - NOSADE","isPartOf":{"@id":"https:\/\/nosade.com\/de\/#website"},"primaryImageOfPage":{"@id":"https:\/\/nosade.com\/de\/yoga-reise-marokko\/#primaryimage"},"image":{"@id":"https:\/\/nosade.com\/de\/yoga-reise-marokko\/#primaryimage"},"thumbnailUrl":"https:\/\/nosade.com\/wp-content\/uploads\/Rooftop-Yoga-in-Marrakech_Source-NOSADE.jpg","datePublished":"2020-02-01T17:38:15+00:00","dateModified":"2020-02-01T20:43:03+00:00","description":"NOSADE ist auf Yoga Retreats in Marrakesch und W\u00fcsten-Yogareisen in Marokko spezialisiert.","breadcrumb":{"@id":"https:\/\/nosade.com\/de\/yoga-reise-marokko\/#breadcrumb"},"inLanguage":"de","potentialAction":[{"@type":"ReadAction","target":["https:\/\/nosade.com\/de\/yoga-reise-marokko\/"]}]},{"@type":"ImageObject","inLanguage":"de","@id":"https:\/\/nosade.com\/de\/yoga-reise-marokko\/#primaryimage","url":"https:\/\/nosade.com\/wp-content\/uploads\/Rooftop-Yoga-in-Marrakech_Source-NOSADE.jpg","contentUrl":"https:\/\/nosade.com\/wp-content\/uploads\/Rooftop-Yoga-in-Marrakech_Source-NOSADE.jpg"},{"@type":"BreadcrumbList","@id":"https:\/\/nosade.com\/de\/yoga-reise-marokko\/#breadcrumb","itemListElement":[{"@type":"ListItem","position":1,"name":"Home","item":"https:\/\/nosade.com\/de\/"},{"@type":"ListItem","position":2,"name":"Yoga Retreats Marokko"}]},{"@type":"WebSite","@id":"https:\/\/nosade.com\/de\/#website","url":"https:\/\/nosade.com\/de\/","name":"NOSADE","description":"Yoga Reisen & Sahara W\u00fcstentouren f\u00fcr Nomadenherzen","potentialAction":[{"@type":"SearchAction","target":{"@type":"EntryPoint","urlTemplate":"https:\/\/nosade.com\/de\/?s={search_term_string}"},"query-input":{"@type":"PropertyValueSpecification","valueRequired":true,"valueName":"search_term_string"}}],"inLanguage":"de"}]}},"_links":{"self":[{"href":"https:\/\/nosade.com\/de\/wp-json\/wp\/v2\/pages\/277","targetHints":{"allow":["GET"]}}],"collection":[{"href":"https:\/\/nosade.com\/de\/wp-json\/wp\/v2\/pages"}],"about":[{"href":"https:\/\/nosade.com\/de\/wp-json\/wp\/v2\/types\/page"}],"author":[{"embeddable":true,"href":"https:\/\/nosade.com\/de\/wp-json\/wp\/v2\/users\/1"}],"replies":[{"embeddable":true,"href":"https:\/\/nosade.com\/de\/wp-json\/wp\/v2\/comments?post=277"}],"version-history":[{"count":15,"href":"https:\/\/nosade.com\/de\/wp-json\/wp\/v2\/pages\/277\/revisions"}],"predecessor-version":[{"id":10924,"href":"https:\/\/nosade.com\/de\/wp-json\/wp\/v2\/pages\/277\/revisions\/10924"}],"wp:attachment":[{"href":"https:\/\/nosade.com\/de\/wp-json\/wp\/v2\/media?parent=277"}],"curies":[{"name":"wp","href":"https:\/\/api.w.org\/{rel}","templated":true}]}}