{"id":269,"date":"2019-12-28T13:32:40","date_gmt":"2019-12-28T12:32:40","guid":{"rendered":"http:\/\/nosade.com\/?page_id=269"},"modified":"2020-04-16T21:41:57","modified_gmt":"2020-04-16T19:41:57","slug":"team-nosade","status":"publish","type":"page","link":"https:\/\/nosade.com\/de\/team-nosade\/","title":{"rendered":"Gr\u00fcnder"},"content":{"rendered":"\n<p class=\"has-text-align-left\"><strong>Wir sind ein Familienunternehmen mit einem leidenschaftlich agierenden, jungen, dynamischen und multinationalen, erfahrenen und aufgeschlossenen Team. Unser Ziel ist es, die Sch\u00f6nheit der faszinierendsten Sehensw\u00fcrdigkeiten Marokkos sowie seine reiche und Jahrtausend alte Kultur auf authentische Weise zu teilen.<\/strong><\/p>\n\n\n\n<figure class=\"wp-block-image size-full is-resized\"><img loading=\"lazy\" decoding=\"async\" src=\"https:\/\/nosade.com\/wp-content\/uploads\/NOSADE-Founders-Yidir-Anica-Alla_Source-Madlen-Krippendorf.jpg\" alt=\"\" class=\"wp-image-10692\" width=\"1800\" height=\"720\" srcset=\"https:\/\/nosade.com\/wp-content\/uploads\/NOSADE-Founders-Yidir-Anica-Alla_Source-Madlen-Krippendorf.jpg 1800w, https:\/\/nosade.com\/wp-content\/uploads\/NOSADE-Founders-Yidir-Anica-Alla_Source-Madlen-Krippendorf-300x120.jpg 300w, https:\/\/nosade.com\/wp-content\/uploads\/NOSADE-Founders-Yidir-Anica-Alla_Source-Madlen-Krippendorf-768x307.jpg 768w, https:\/\/nosade.com\/wp-content\/uploads\/NOSADE-Founders-Yidir-Anica-Alla_Source-Madlen-Krippendorf-720x288.jpg 720w\" sizes=\"(max-width: 1800px) 100vw, 1800px\" \/><figcaption><strong>NOSADE FOUNDERS<\/strong> ANICA + YIDIR ALLA<\/figcaption><\/figure>\n\n\n\n<h4 class=\"has-text-align-center wp-block-heading\"><strong>ANICA ALLA<\/strong><\/h4>\n\n\n\n<figure class=\"wp-block-image size-large\"><img loading=\"lazy\" decoding=\"async\" width=\"720\" height=\"960\" src=\"https:\/\/nosade.com\/wp-content\/uploads\/NOSADE-Founder-Anica-Alla_Source-Madlen-Krippendorf-720x960.jpg\" alt=\"\" class=\"wp-image-10689\" srcset=\"https:\/\/nosade.com\/wp-content\/uploads\/NOSADE-Founder-Anica-Alla_Source-Madlen-Krippendorf.jpg 720w, https:\/\/nosade.com\/wp-content\/uploads\/NOSADE-Founder-Anica-Alla_Source-Madlen-Krippendorf-225x300.jpg 225w, https:\/\/nosade.com\/wp-content\/uploads\/NOSADE-Founder-Anica-Alla_Source-Madlen-Krippendorf-540x720.jpg 540w\" sizes=\"(max-width: 720px) 100vw, 720px\" \/><\/figure>\n\n\n\n<p>Inspiriert von ihren gro\u00dfen Faszinationen\u00a0\u2013 Reisen, Menschen und Yoga \u2013 gr\u00fcndete Anica\u00a0NOSADE, um der f\u00fchrende Anbieter f\u00fcr nachhaltige und bewusste, kulturell bildende, authentische und einzigartige\u00a0<a rel=\"noreferrer noopener\" href=\"https:\/\/nosade.com\/de\/aktuelle-retreatangebote\/\" target=\"_blank\">Yogareisen<\/a>\u00a0und <a rel=\"noreferrer noopener\" href=\"https:\/\/nosade.com\/de\/wuestentouren\/\" target=\"_blank\">W\u00fcstentouren<\/a> in Marokko zu werden.<br><br>Inzwischen bietet NOSADE mit NOSADE Venues auch zwei famili\u00e4re <a rel=\"noreferrer noopener\" href=\"https:\/\/nosade.com\/de\/venues-de\/\" target=\"_blank\">Unterk\u00fcnfte<\/a>\u00a0an, eine in Marrakesch und eine in Merzouga. <br><br>Es ist Anica ein gro\u00dfes Anliegen, ein wertsch\u00e4tzendes und bef\u00e4higendes Umfeld vor allem f\u00fcr die einheimischen Mitarbeiter von NOSADE zu schaffen, sie dabei zu unterst\u00fctzen, ihre Lebensbedingungen und ihren Bildungsstand verbessern zu k\u00f6nnen, ihre Kultur zu bewahren und einen Beitrag zur\u00a0Einbindung der Frauen ins Berufsleben der sich noch entwickelnden Gegenden des Landes zu leisten.<br><br>Anica ist\u00a0seit 2013 unternehmerisch t\u00e4tig und begleitet\u00a0als Human Resources Beraterin &amp; Coach international t\u00e4tige, digitale Unternehmen im Wachstum: <a rel=\"noreferrer noopener\" href=\"http:\/\/anicaalla.com\" target=\"_blank\">ANICAALLA.COM<\/a><\/p>\n\n\n\n<h4 class=\"has-text-align-center wp-block-heading\"><strong>YIDIR ALLA<\/strong><\/h4>\n\n\n\n<figure class=\"wp-block-image size-large\"><img loading=\"lazy\" decoding=\"async\" width=\"720\" height=\"960\" src=\"https:\/\/nosade.com\/wp-content\/uploads\/NOSADE-Founder-Yidir-Alla_Source-Madlen-Krippendorf-720x960.jpg\" alt=\"\" class=\"wp-image-10690\" srcset=\"https:\/\/nosade.com\/wp-content\/uploads\/NOSADE-Founder-Yidir-Alla_Source-Madlen-Krippendorf.jpg 720w, https:\/\/nosade.com\/wp-content\/uploads\/NOSADE-Founder-Yidir-Alla_Source-Madlen-Krippendorf-225x300.jpg 225w, https:\/\/nosade.com\/wp-content\/uploads\/NOSADE-Founder-Yidir-Alla_Source-Madlen-Krippendorf-540x720.jpg 540w\" sizes=\"(max-width: 720px) 100vw, 720px\" \/><\/figure>\n\n\n\n<p>Yidir ist in Merzouga, einem der Tore zur Sahara, aufgewachsen. Schon immer war\u00a0er von ihrer schieren Gr\u00f6\u00dfe und ihrer friedlichen Stille fasziniert.<br>Yidir\u00a0ist passionierter Musiker, der sich, begleitet von der Stille der W\u00fcste, vor allem das Trommeln und andere Instrumente selbst beigebracht hat, bevor er als Musiker\u00a0staatlich zertifiziert wurde und mit seiner Band <a rel=\"noreferrer noopener\" href=\"https:\/\/soundcloud.com\/imodda\" target=\"_blank\">Imodda<\/a> durch Marokko tourte.<br><br>Yidir verf\u00fcgt \u00fcber eine langj\u00e4hrige Erfahrung in der Arbeit mit Reisenden aus aller Welt. Er arbeitet seit \u00fcber 15 Jahren im Tourismus und ist Verantwortlich f\u00fcr die Organisation und Koordination\u00a0aller NOSADE Reisen vor Ort.<br>Er spricht flie\u00dfend Englisch und verf\u00fcgt \u00fcber Grundkenntnisse vieler weiterer Sprachen.<br><br>Yidir\u00a0genie\u00dft es, mit Menschen und im Einklang mit der Natur zu arbeiten und zu leben. Und ist immer f\u00fcr einen Spa\u00df zu haben!<\/p>\n","protected":false},"excerpt":{"rendered":"<p>Wir sind ein Familienunternehmen mit einem leidenschaftlich agierenden, jungen, dynamischen und multinationalen, erfahrenen und aufgeschlossenen Team. Unser Ziel ist es, die Sch\u00f6nheit der faszinierendsten Sehensw\u00fcrdigkeiten Marokkos sowie seine reiche und Jahrtausend alte Kultur auf authentische Weise zu teilen. ANICA ALLA Inspiriert von ihren gro\u00dfen Faszinationen\u00a0\u2013 Reisen, Menschen und Yoga \u2013 gr\u00fcndete Anica\u00a0NOSADE, um der, <a class=\"read-more\" href=\"https:\/\/nosade.com\/de\/team-nosade\/\">Read More<\/a><\/p>\n","protected":false},"author":1,"featured_media":0,"parent":0,"menu_order":0,"comment_status":"open","ping_status":"open","template":"template-full.php","meta":{"_acf_changed":false,"footnotes":""},"class_list":["post-269","page","type-page","status-publish","hentry"],"acf":[],"yoast_head":"<!-- This site is optimized with the Yoast SEO plugin v26.5 - https:\/\/yoast.com\/wordpress\/plugins\/seo\/ -->\n<title>Gr\u00fcnder - NOSADE<\/title>\n<meta name=\"description\" content=\"Wir sind ein Familienunternehmen mit einem leidenschaftlich agierenden, jungen, dynamischen und multinationalen, erfahrenen und aufgeschlossenen Team.\" \/>\n<meta name=\"robots\" content=\"index, follow, max-snippet:-1, max-image-preview:large, max-video-preview:-1\" \/>\n<link rel=\"canonical\" href=\"https:\/\/nosade.com\/de\/team-nosade\/\" \/>\n<meta property=\"og:locale\" content=\"de_DE\" \/>\n<meta property=\"og:type\" content=\"article\" \/>\n<meta property=\"og:title\" content=\"Gr\u00fcnder - NOSADE\" \/>\n<meta property=\"og:description\" content=\"Wir sind ein Familienunternehmen mit einem leidenschaftlich agierenden, jungen, dynamischen und multinationalen, erfahrenen und aufgeschlossenen Team.\" \/>\n<meta property=\"og:url\" content=\"https:\/\/nosade.com\/de\/team-nosade\/\" \/>\n<meta property=\"og:site_name\" content=\"NOSADE\" \/>\n<meta property=\"article:modified_time\" content=\"2020-04-16T19:41:57+00:00\" \/>\n<meta property=\"og:image\" content=\"https:\/\/nosade.com\/wp-content\/uploads\/NOSADE-Founders-Yidir-Anica-Alla_Source-Madlen-Krippendorf.jpg\" \/>\n<meta name=\"twitter:label1\" content=\"Gesch\u00e4tzte Lesezeit\" \/>\n\t<meta name=\"twitter:data1\" content=\"2\u00a0Minuten\" \/>\n<script type=\"application\/ld+json\" class=\"yoast-schema-graph\">{\"@context\":\"https:\/\/schema.org\",\"@graph\":[{\"@type\":\"WebPage\",\"@id\":\"https:\/\/nosade.com\/de\/team-nosade\/\",\"url\":\"https:\/\/nosade.com\/de\/team-nosade\/\",\"name\":\"Gr\u00fcnder - NOSADE\",\"isPartOf\":{\"@id\":\"https:\/\/nosade.com\/de\/#website\"},\"primaryImageOfPage\":{\"@id\":\"https:\/\/nosade.com\/de\/team-nosade\/#primaryimage\"},\"image\":{\"@id\":\"https:\/\/nosade.com\/de\/team-nosade\/#primaryimage\"},\"thumbnailUrl\":\"https:\/\/nosade.com\/wp-content\/uploads\/NOSADE-Founders-Yidir-Anica-Alla_Source-Madlen-Krippendorf.jpg\",\"datePublished\":\"2019-12-28T12:32:40+00:00\",\"dateModified\":\"2020-04-16T19:41:57+00:00\",\"description\":\"Wir sind ein Familienunternehmen mit einem leidenschaftlich agierenden, jungen, dynamischen und multinationalen, erfahrenen und aufgeschlossenen Team.\",\"breadcrumb\":{\"@id\":\"https:\/\/nosade.com\/de\/team-nosade\/#breadcrumb\"},\"inLanguage\":\"de\",\"potentialAction\":[{\"@type\":\"ReadAction\",\"target\":[\"https:\/\/nosade.com\/de\/team-nosade\/\"]}]},{\"@type\":\"ImageObject\",\"inLanguage\":\"de\",\"@id\":\"https:\/\/nosade.com\/de\/team-nosade\/#primaryimage\",\"url\":\"https:\/\/nosade.com\/wp-content\/uploads\/NOSADE-Founders-Yidir-Anica-Alla_Source-Madlen-Krippendorf.jpg\",\"contentUrl\":\"https:\/\/nosade.com\/wp-content\/uploads\/NOSADE-Founders-Yidir-Anica-Alla_Source-Madlen-Krippendorf.jpg\"},{\"@type\":\"BreadcrumbList\",\"@id\":\"https:\/\/nosade.com\/de\/team-nosade\/#breadcrumb\",\"itemListElement\":[{\"@type\":\"ListItem\",\"position\":1,\"name\":\"Home\",\"item\":\"https:\/\/nosade.com\/de\/\"},{\"@type\":\"ListItem\",\"position\":2,\"name\":\"Gr\u00fcnder\"}]},{\"@type\":\"WebSite\",\"@id\":\"https:\/\/nosade.com\/de\/#website\",\"url\":\"https:\/\/nosade.com\/de\/\",\"name\":\"NOSADE\",\"description\":\"Yoga Reisen & Sahara W\u00fcstentouren f\u00fcr Nomadenherzen\",\"potentialAction\":[{\"@type\":\"SearchAction\",\"target\":{\"@type\":\"EntryPoint\",\"urlTemplate\":\"https:\/\/nosade.com\/de\/?s={search_term_string}\"},\"query-input\":{\"@type\":\"PropertyValueSpecification\",\"valueRequired\":true,\"valueName\":\"search_term_string\"}}],\"inLanguage\":\"de\"}]}<\/script>\n<!-- \/ Yoast SEO plugin. -->","yoast_head_json":{"title":"Gr\u00fcnder - NOSADE","description":"Wir sind ein Familienunternehmen mit einem leidenschaftlich agierenden, jungen, dynamischen und multinationalen, erfahrenen und aufgeschlossenen Team.","robots":{"index":"index","follow":"follow","max-snippet":"max-snippet:-1","max-image-preview":"max-image-preview:large","max-video-preview":"max-video-preview:-1"},"canonical":"https:\/\/nosade.com\/de\/team-nosade\/","og_locale":"de_DE","og_type":"article","og_title":"Gr\u00fcnder - NOSADE","og_description":"Wir sind ein Familienunternehmen mit einem leidenschaftlich agierenden, jungen, dynamischen und multinationalen, erfahrenen und aufgeschlossenen Team.","og_url":"https:\/\/nosade.com\/de\/team-nosade\/","og_site_name":"NOSADE","article_modified_time":"2020-04-16T19:41:57+00:00","og_image":[{"url":"https:\/\/nosade.com\/wp-content\/uploads\/NOSADE-Founders-Yidir-Anica-Alla_Source-Madlen-Krippendorf.jpg","type":"","width":"","height":""}],"twitter_misc":{"Gesch\u00e4tzte Lesezeit":"2\u00a0Minuten"},"schema":{"@context":"https:\/\/schema.org","@graph":[{"@type":"WebPage","@id":"https:\/\/nosade.com\/de\/team-nosade\/","url":"https:\/\/nosade.com\/de\/team-nosade\/","name":"Gr\u00fcnder - NOSADE","isPartOf":{"@id":"https:\/\/nosade.com\/de\/#website"},"primaryImageOfPage":{"@id":"https:\/\/nosade.com\/de\/team-nosade\/#primaryimage"},"image":{"@id":"https:\/\/nosade.com\/de\/team-nosade\/#primaryimage"},"thumbnailUrl":"https:\/\/nosade.com\/wp-content\/uploads\/NOSADE-Founders-Yidir-Anica-Alla_Source-Madlen-Krippendorf.jpg","datePublished":"2019-12-28T12:32:40+00:00","dateModified":"2020-04-16T19:41:57+00:00","description":"Wir sind ein Familienunternehmen mit einem leidenschaftlich agierenden, jungen, dynamischen und multinationalen, erfahrenen und aufgeschlossenen Team.","breadcrumb":{"@id":"https:\/\/nosade.com\/de\/team-nosade\/#breadcrumb"},"inLanguage":"de","potentialAction":[{"@type":"ReadAction","target":["https:\/\/nosade.com\/de\/team-nosade\/"]}]},{"@type":"ImageObject","inLanguage":"de","@id":"https:\/\/nosade.com\/de\/team-nosade\/#primaryimage","url":"https:\/\/nosade.com\/wp-content\/uploads\/NOSADE-Founders-Yidir-Anica-Alla_Source-Madlen-Krippendorf.jpg","contentUrl":"https:\/\/nosade.com\/wp-content\/uploads\/NOSADE-Founders-Yidir-Anica-Alla_Source-Madlen-Krippendorf.jpg"},{"@type":"BreadcrumbList","@id":"https:\/\/nosade.com\/de\/team-nosade\/#breadcrumb","itemListElement":[{"@type":"ListItem","position":1,"name":"Home","item":"https:\/\/nosade.com\/de\/"},{"@type":"ListItem","position":2,"name":"Gr\u00fcnder"}]},{"@type":"WebSite","@id":"https:\/\/nosade.com\/de\/#website","url":"https:\/\/nosade.com\/de\/","name":"NOSADE","description":"Yoga Reisen & Sahara W\u00fcstentouren f\u00fcr Nomadenherzen","potentialAction":[{"@type":"SearchAction","target":{"@type":"EntryPoint","urlTemplate":"https:\/\/nosade.com\/de\/?s={search_term_string}"},"query-input":{"@type":"PropertyValueSpecification","valueRequired":true,"valueName":"search_term_string"}}],"inLanguage":"de"}]}},"_links":{"self":[{"href":"https:\/\/nosade.com\/de\/wp-json\/wp\/v2\/pages\/269","targetHints":{"allow":["GET"]}}],"collection":[{"href":"https:\/\/nosade.com\/de\/wp-json\/wp\/v2\/pages"}],"about":[{"href":"https:\/\/nosade.com\/de\/wp-json\/wp\/v2\/types\/page"}],"author":[{"embeddable":true,"href":"https:\/\/nosade.com\/de\/wp-json\/wp\/v2\/users\/1"}],"replies":[{"embeddable":true,"href":"https:\/\/nosade.com\/de\/wp-json\/wp\/v2\/comments?post=269"}],"version-history":[{"count":40,"href":"https:\/\/nosade.com\/de\/wp-json\/wp\/v2\/pages\/269\/revisions"}],"predecessor-version":[{"id":11816,"href":"https:\/\/nosade.com\/de\/wp-json\/wp\/v2\/pages\/269\/revisions\/11816"}],"wp:attachment":[{"href":"https:\/\/nosade.com\/de\/wp-json\/wp\/v2\/media?parent=269"}],"curies":[{"name":"wp","href":"https:\/\/api.w.org\/{rel}","templated":true}]}}