{"id":262,"date":"2015-02-10T12:59:02","date_gmt":"2015-02-10T10:59:02","guid":{"rendered":"http:\/\/nosade.com\/?page_id=262"},"modified":"2022-06-10T10:36:36","modified_gmt":"2022-06-10T08:36:36","slug":"agb","status":"publish","type":"page","link":"https:\/\/nosade.com\/de\/agb\/","title":{"rendered":"Allgemeine Reisebedingungen"},"content":{"rendered":"<p>Auf die Vertr\u00e4ge zwischen dem Reisenden und der NOSADE GmbH\u00a0finden folgende Bedingungen Anwendung.<\/p>\n<h2>1. Reisebest\u00e4tigung, Vertragsgrundlagen<\/h2>\n<p>1.1. Mit der Buchung (Reiseanmeldung) bietet der Reisende den Abschluss des Reisevertrages verbindlich an. An sein Vertragsangebot ist der Reisende 14 Tage gebunden.<\/p>\n<p>1.2. Der Abschluss des Vertrages bedarf keiner bestimmten Form. Mit der Erteilung des Auftrags und der Annahme durch NOSADE kommt zwischen dem Reisenden und NOSADE der Vertrag zustande.<br \/>\n1.3. Bei elektronischen Buchungen (E-Mail, Internet) best\u00e4tigt NOSADE den Eingang der Buchung unverz\u00fcglich auf elektronischem Weg. Diese Eingangsbest\u00e4tigung stellt noch keine Buchungsbest\u00e4tigung\/Auftragsannahme dar und begr\u00fcndet keinen Anspruch auf das Zustandekommen\u2028des Reisevertrages.<\/p>\n<p>1.4. Der Vertrag kommt mit dem Zugang der Buchungsbest\u00e4tigung von NOSADE zustande. Sie bedarf keiner bestimmten Form. Bei oder unverz\u00fcglich nach Vertragsschluss wird NOSADE dem Reisenden eine schriftliche Reisebest\u00e4tigung \u00fcbermitteln.<\/p>\n<p>1.5 Die vertragliche Leistungspflicht von NOSADE bestimmt sich nach der Reiseausschreibung in Verbindung mit der Buchungsbest\u00e4tigung und allen erg\u00e4nzenden Informationen von NOSADE f\u00fcr die jeweilige Reise.<\/p>\n<p>1.6. Reisevermittler (z.B. Reiseb\u00fcros) und Leistungstr\u00e4ger (z.B. Hotels, Bef\u00f6rderungsunternehmen) sind von NOSADE nicht bevollm\u00e4chtigt, Vereinbarungen zu treffen, Ausk\u00fcnfte zu geben oder Zusicherungen zu machen, die den vereinbarten Inhalt des Reisevertrages ab\u00e4ndern, \u00fcber die vertraglich zugesagten Leistungen von NOSADE hinausgehen oder im Widerspruch zur Reiseausschreibung stehen.<br \/>\n1.7. Orts- und Hotelprospekte sowie Internetausschreibungen, die nicht von NOSADE herausgegeben werden, sind f\u00fcr\u00a0 NOSADE und deren Leistungspflicht nicht verbindlich, soweit sie nicht durch ausdr\u00fcckliche Vereinbarung mit dem Reisenden zum Gegenstand der Reiseausschreibung oder zum Inhalt der Leistungspflicht von NOSADE gemacht wurden.<\/p>\n<h2>2. Zahlungsbedingungen<\/h2>\n<p>2.1. Nach Vertragsabschluss und nach Aush\u00e4ndigung des Sicherungsscheines gem\u00e4\u00df \u00a7 651k BGB wird eine Anzahlung in H\u00f6he von 20 % des Reisepreises zur Zahlung f\u00e4llig und muss auf unser Konto \u00fcberwiesen werden. Die Restzahlung wird 30 Tage vor Reisebeginn zur Zahlung f\u00e4llig, sofern der Sicherungsschein und die bis dahin f\u00e4lligen Vertragsunterlagen \u00fcbergeben sind und die Reise nicht mehr aus den in Ziffer 4 genannten Gr\u00fcnden abgesagt werden kann.<\/p>\n<p>2.2. Leistet der Reisende die Anzahlung und\/oder die Restzahlung nicht entsprechend den vereinbarten Zahlungsf\u00e4lligkeiten, so ist NOSADE berechtigt, nach Mahnung mit Fristsetzung vom Reisevertrag zur\u00fcckzutreten und den Reisenden mit R\u00fccktrittskosten gem\u00e4\u00df Ziffer 3 zu belasten.<\/p>\n<h2>3. Umbuchungen und R\u00fccktritt<\/h2>\n<p>3.1. Der Reisende kann jederzeit vor Reisebeginn von der Reise zur\u00fccktreten. Der R\u00fccktritt ist gegen\u00fcber NOSADE unter der Anschrift<\/p>\n<p>NOSADE GmbH, Prieserstra\u00dfe 2, 95444 Bayreuth<\/p>\n<p>zu erkl\u00e4ren. Falls die Reise \u00fcber ein Reiseb\u00fcro gebucht wurde, kann der R\u00fccktritt auch diesem gegen\u00fcber erkl\u00e4rt werden. Dem Reisenden wird empfohlen, den R\u00fccktritt schriftlich zu erkl\u00e4ren.<\/p>\n<p>3.2. Tritt der Reisende vor Reisebeginn zur\u00fcck oder tritt er die Reise nicht an, so verliert NOSADE nicht den Anspruch auf den Reisepreis. Statt dessen kann NOSADE, soweit der R\u00fccktritt nicht von ihr zu vertreten ist oder ein Fall h\u00f6herer Gewalt vorliegt, eine angemessene Entsch\u00e4digung f\u00fcr die bis zum R\u00fccktritt getroffenen Reisevorkehrungen und ihre Aufwendungen in Abh\u00e4ngigkeit von dem jeweiligen Reisepreis verlangen.<\/p>\n<p>3.3\u00a0 Die Entsch\u00e4digung wird nach dem Zeitpunkt des Zugangs der R\u00fccktrittserkl\u00e4rung des Reisenden wie folgt berechnet:<\/p>\n<p>bis 90 Tage vor Reiseantritt 15%<br \/>\nvom 89. bis 60. Tag vor Reiseantritt 20%<br \/>\nvom 59. bis 30. Tag vor Reiseantritt 35%<br \/>\nvom 29. bis 10. Tag vor Reiseantritt 50%<br \/>\nvom\u00a0\u00a0 9. Tag bis 1 Tag vor Reiseantritt 75%<br \/>\nbei R\u00fccktritt am Abreisetag oder bei\u00a0Nichtanreise\u00a095%<\/p>\n<p>3.4. Dem Reisenden bleibt es in jedem Fall unbenommen, NOSADE nachzuweisen, dass dieser \u00fcberhaupt kein oder ein wesentlich niedrigerer Schaden entstanden ist, als die von ihr\u00a0geforderte Pauschale.<\/p>\n<p>3.5. Dem Reisenden wird der Abschluss einer Reiser\u00fccktrittskostenversicherung sowie einer Versicherung zur Deckung der R\u00fcckf\u00fchrungskosten bei Unfall oder Krankheit dringend empfohlen.<\/p>\n<p>3.6. Ein Anspruch des Reisenden nach Vertragsabschluss auf \u00c4nderungen hinsichtlich des Reisetermins, des Reiseziels, des Ortes des Reiseantritts, der Unterkunft oder der Bef\u00f6rderungsart (Umbuchung) besteht nicht. Ist eine Umbuchung m\u00f6glich und wird diese auf Wunsch des Reisenden dennoch vorgenommen, hat dieser die zus\u00e4tzlich anfallenden Kosten zu tragen.<\/p>\n<h2>4. R\u00fccktritt durch NOSADE<\/h2>\n<p>4.1. Wird die Mindestteilnehmerzahl, die, falls gegeben,\u00a0in der Reisebest\u00e4tigung\u00a0explizit aufgef\u00fchrt ist, nicht erreicht, ist NOSADE berechtigt, die Reise bis 30 Tage vor Reisebeginn abzusagen. Den eingezahlten Reisepreis erh\u00e4lt der Reisende unverz\u00fcglich zur\u00fcck. Weitere Anspr\u00fcche entstehen nicht.<\/p>\n<p>4.2. NOSADE ist berechtigt vom Reisevertrag zur\u00fcckzutreten oder nach Reisebeginn zu k\u00fcndigen, wenn<\/p>\n<ol>\n<li>der Reisende die Durchf\u00fchrung der Reise trotz Anmahnung nachhaltig und erheblich st\u00f6rt oder sich so vertragswidrig verh\u00e4lt, dass die sofortige Aufhebung des Vertrages gerechtfertigt ist. Eventuell anfallende Kosten gehen voll zu Lasten des Reisenden.<\/li>\n<li>durch h\u00f6here Gewalt oder sonstige nicht zu vertretende Umst\u00e4nde eine Beeintr\u00e4chtigung der Reise gegeben ist oder die Reise nicht durchgef\u00fchrt werden kann.<\/li>\n<\/ol>\n<h2>5. Haftungsbeschr\u00e4nkung<\/h2>\n<p>5.1. Die vertragliche Haftung von NOSADE f\u00fcr Sch\u00e4den, die nicht K\u00f6rpersch\u00e4den sind, ist auf den dreifachen Reisepreis beschr\u00e4nkt,<\/p>\n<ol>\n<li>soweit ein Schaden des Reisenden weder vors\u00e4tzlich noch grob fahrl\u00e4ssig herbeigef\u00fchrt wird.<\/li>\n<li>soweit NOSADE f\u00fcr einen dem Reisenden entstehenden Schaden allein wegen eines Verschuldens eines Leistungstr\u00e4gers verantwortlich ist.<\/li>\n<\/ol>\n<p>5.2. Die deliktische Haftung des Reiseveranstalters f\u00fcr Sachsch\u00e4den, die nicht auf Vorsatz oder grober Fahrl\u00e4ssigkeit beruhen, ist auf den dreifachen Reisepreis beschr\u00e4nkt. Diese Haftungsh\u00f6chstsumme gilt jeweils je Reisender und Reise.<\/p>\n<p>5.3. NOSADE haftet nicht f\u00fcr Leistungen die als Fremdleistungen, wie beispielsweise Ausfl\u00fcge, Bef\u00f6rderungen im Linienverkehr, Veranstaltungen etc. lediglich vermittelt werden, sofern f\u00fcr den Reisenden durch Nennung des Vertragspartners und die Form der Ausschreiben deutlich erkennbar ist, dass die Leistung nicht Gegenstand er Leistungen von NOSADE sind. Davon unber\u00fchrt ist die Haftung f\u00fcr Bef\u00f6rderungen innerhalb der ausgeschriebenen Reiseleistungen sowie die Haftung f\u00fcr Pflichtverletzungen von NOSADE.<\/p>\n<p>5.4. Weiterhin haftet NOSADE nicht f\u00fcr Leistungsst\u00f6rungen, die es nicht zu vertreten hat, wie beispielsweise in F\u00e4llen h\u00f6herer Gewalt, Naturereignissen, Umweltkatastrophen, Streiks, Epidemien etc.<\/p>\n<h2>6. M\u00e4ngel, Ausschluss von Anspr\u00fcchen, K\u00fcndigung, Verj\u00e4hrung<\/h2>\n<p>6.1. Der Reisende verpflichtet, seine Beanstandungen hinsichtlich der Reiseleistungen unverz\u00fcglich NOSADE zur Kenntnis zu bringen. Unterl\u00e4sst es der Reisende, einen Mangel sofort anzuzeigen, so tritt ein Anspruch auf Minderung nicht ein.<\/p>\n<p>6.2. Will der Reisende den Reisevertrag wegen eines Mangels oder aus wichtigem, NOSADE erkennbarem Grund vorzeitig k\u00fcndigen, so hat er der NOSADE zuvor eine angemessene Frist zur Abhilfeleistung zu setzen. Dies gilt nicht, wenn die Abhilfeleistung unm\u00f6glich ist, von\u00a0 NOSADE verweigert wird oder die sofortige K\u00fcndigung durch ein besonderes, f\u00fcr NOSADE erkennbares Interesse des Reisenden gerechtfertigt wird.<\/p>\n<p>6.3. Anspr\u00fcche wegen M\u00e4ngeln oder nicht vertragsgem\u00e4\u00dfer Erbringung der Reise hat der Reisende innerhalb eines Monats nach dem vertraglich vorgesehenen Zeitpunkt der Beendigung der Reise bei NOSADE unter der unten angegebenen Anschrift geltend zu machen. Nach Ablauf der Frist ist die Geltendmachung der Anspr\u00fcche ausgeschlossen, es sei denn der Reisende war ohne sein Verschulden an der Einhaltung der Frist gehindert.<\/p>\n<p>6.4\u00a0\u00a0 Die Anspr\u00fcche der Reisenden aus den \u00a7\u00a7 651 c bis f BGB<\/p>\n<ol>\n<li>aus Verletzung des Lebens, des K\u00f6rpers oder der Gesundheit, die auf einer vors\u00e4tzlichen oder fahrl\u00e4ssigen Pflichtverletzung von NOSADE, eines gesetzlichen Vertreters oder Erf\u00fcllungsgehilfen beruhen, oder<\/li>\n<li>auf Ersatz sonstiger Sch\u00e4den aus vors\u00e4tzlicher oder grob fahrl\u00e4ssiger Pflichtverletzung von NOSADE, eines gesetzlichen Vertreters oder Erf\u00fcllungsgehilfen, oder<\/li>\n<li>die Anspr\u00fcche aus Verletzung der wesentlichen Vertragspflichten zur ordnungsgem\u00e4\u00dfen Planung und Durchf\u00fchrung der Reise\u00a0verj\u00e4hren in zwei Jahren, beginnend mit dem Tag nach vereinbartem Ende der Reise.<\/li>\n<\/ol>\n<p>6.5. Die nicht in 6.4. erfassten Anspr\u00fcche verj\u00e4hren innerhalb von einem Jahr, beginnend mit dem Tag nach vereinbartem Ende der Reise.<\/p>\n<h2>7. Pass-, Visa- und Gesundheitsvorschriften<\/h2>\n<p>7.1. Der Reisende ist verantwortlich f\u00fcr das Beschaffen und Mitf\u00fchren der beh\u00f6rdlich notwendigen Reisedokumente,\u00a0 sowie das Einhalten von Zoll- und Devisenvorschriften. Alle Nachteile und Kosten, die aus der Nichtbefolgung erwachsen, gehen zu seinen Lasten.<\/p>\n<p>7.2. Der Reisende sollte sich \u00fcber Infektions- und Impfschutz sowie andere Prophylaxe Ma\u00dfnahmen rechtzeitig informieren, gegebenenfalls sollte \u00e4rztlicher Rat eingeholt werden. Auf allgemeine Informationen, insbesondere bei den Gesundheits\u00e4mtern, reisemedizinisch erfahrenen \u00c4rzten, reisemedizinischen Informationsdiensten oder der Bundeszentrale f\u00fcr gesundheitliche Aufkl\u00e4rung wird verwiesen.<\/p>\n<h2>8. Rechtswahl, Gerichtsstand<\/h2>\n<p>8.1. Es gilt deutsches Recht. Die Reisen werden nach Landesrecht durchgef\u00fchrt. Deutsches Recht findet bei der Durchf\u00fchrung der Reise im Land keine Anwendung.<\/p>\n<p>8.2. F\u00fcr Reisende, die bei Buchung keinen regelm\u00e4\u00dfigen Aufenthalt in der Bundesrepublik Deutschland haben oder den Wohnsitz nach Vertragsabschluss au\u00dferhalb der Grenzen der BRD verlegen, gilt als Gerichtsstand der Sitz der NOSADE als vereinbart.<\/p>\n<p>8.3.\u00a0 Die Unwirksamkeit einer Klausel des Vertrages ber\u00fchrt die Wirksamkeit des Vertrages im \u00dcbrigen nicht.<\/p>\n<p style=\"text-align: right;\">Stand: 22. M\u00e4rz 2019<\/p>\n<p><strong>NOSADE\u00a0GmbH<br \/>\n<\/strong>Prieserstra\u00dfe 2<br \/>\n95444 Bayreuth<\/p>\n","protected":false},"excerpt":{"rendered":"<p>Auf die Vertr\u00e4ge zwischen dem Reisenden und der NOSADE GmbH\u00a0finden folgende Bedingungen Anwendung. 1. Reisebest\u00e4tigung, Vertragsgrundlagen 1.1. Mit der Buchung (Reiseanmeldung) bietet der Reisende den Abschluss des Reisevertrages verbindlich an. An sein Vertragsangebot ist der Reisende 14 Tage gebunden. 1.2. Der Abschluss des Vertrages bedarf keiner bestimmten Form. Mit der Erteilung des Auftrags und, <a class=\"read-more\" href=\"https:\/\/nosade.com\/de\/agb\/\">Read More<\/a><\/p>\n","protected":false},"author":1,"featured_media":0,"parent":0,"menu_order":0,"comment_status":"open","ping_status":"open","template":"template-full.php","meta":{"_acf_changed":false,"footnotes":""},"class_list":["post-262","page","type-page","status-publish","hentry"],"acf":[],"yoast_head":"<!-- This site is optimized with the Yoast SEO plugin v26.5 - https:\/\/yoast.com\/wordpress\/plugins\/seo\/ -->\n<title>Allgemeine Reisebedingungen - NOSADE<\/title>\n<meta name=\"description\" content=\"Auf die Vertr\u00e4ge zwischen dem Reisenden und der NOSADE GmbH\u00a0finden folgende Bedingungen Anwendung. 1. Reisebest\u00e4tigung, Vertragsgrundlagen 1.1. Mit der\" \/>\n<meta name=\"robots\" content=\"index, follow, max-snippet:-1, max-image-preview:large, max-video-preview:-1\" \/>\n<link rel=\"canonical\" href=\"https:\/\/nosade.com\/de\/agb\/\" \/>\n<meta property=\"og:locale\" content=\"de_DE\" \/>\n<meta property=\"og:type\" content=\"article\" \/>\n<meta property=\"og:title\" content=\"Allgemeine Reisebedingungen - NOSADE\" \/>\n<meta property=\"og:description\" content=\"Auf die Vertr\u00e4ge zwischen dem Reisenden und der NOSADE GmbH\u00a0finden folgende Bedingungen Anwendung. 1. Reisebest\u00e4tigung, Vertragsgrundlagen 1.1. Mit der\" \/>\n<meta property=\"og:url\" content=\"https:\/\/nosade.com\/de\/agb\/\" \/>\n<meta property=\"og:site_name\" content=\"NOSADE\" \/>\n<meta property=\"article:modified_time\" content=\"2022-06-10T08:36:36+00:00\" \/>\n<meta name=\"twitter:label1\" content=\"Gesch\u00e4tzte Lesezeit\" \/>\n\t<meta name=\"twitter:data1\" content=\"6\u00a0Minuten\" \/>\n<script type=\"application\/ld+json\" class=\"yoast-schema-graph\">{\"@context\":\"https:\/\/schema.org\",\"@graph\":[{\"@type\":\"WebPage\",\"@id\":\"https:\/\/nosade.com\/de\/agb\/\",\"url\":\"https:\/\/nosade.com\/de\/agb\/\",\"name\":\"Allgemeine Reisebedingungen - NOSADE\",\"isPartOf\":{\"@id\":\"https:\/\/nosade.com\/de\/#website\"},\"datePublished\":\"2015-02-10T10:59:02+00:00\",\"dateModified\":\"2022-06-10T08:36:36+00:00\",\"description\":\"Auf die Vertr\u00e4ge zwischen dem Reisenden und der NOSADE GmbH\u00a0finden folgende Bedingungen Anwendung. 1. Reisebest\u00e4tigung, Vertragsgrundlagen 1.1. Mit der\",\"breadcrumb\":{\"@id\":\"https:\/\/nosade.com\/de\/agb\/#breadcrumb\"},\"inLanguage\":\"de\",\"potentialAction\":[{\"@type\":\"ReadAction\",\"target\":[\"https:\/\/nosade.com\/de\/agb\/\"]}]},{\"@type\":\"BreadcrumbList\",\"@id\":\"https:\/\/nosade.com\/de\/agb\/#breadcrumb\",\"itemListElement\":[{\"@type\":\"ListItem\",\"position\":1,\"name\":\"Home\",\"item\":\"https:\/\/nosade.com\/de\/\"},{\"@type\":\"ListItem\",\"position\":2,\"name\":\"Allgemeine Reisebedingungen\"}]},{\"@type\":\"WebSite\",\"@id\":\"https:\/\/nosade.com\/de\/#website\",\"url\":\"https:\/\/nosade.com\/de\/\",\"name\":\"NOSADE\",\"description\":\"Yoga Reisen & Sahara W\u00fcstentouren f\u00fcr Nomadenherzen\",\"potentialAction\":[{\"@type\":\"SearchAction\",\"target\":{\"@type\":\"EntryPoint\",\"urlTemplate\":\"https:\/\/nosade.com\/de\/?s={search_term_string}\"},\"query-input\":{\"@type\":\"PropertyValueSpecification\",\"valueRequired\":true,\"valueName\":\"search_term_string\"}}],\"inLanguage\":\"de\"}]}<\/script>\n<!-- \/ Yoast SEO plugin. -->","yoast_head_json":{"title":"Allgemeine Reisebedingungen - NOSADE","description":"Auf die Vertr\u00e4ge zwischen dem Reisenden und der NOSADE GmbH\u00a0finden folgende Bedingungen Anwendung. 1. Reisebest\u00e4tigung, Vertragsgrundlagen 1.1. Mit der","robots":{"index":"index","follow":"follow","max-snippet":"max-snippet:-1","max-image-preview":"max-image-preview:large","max-video-preview":"max-video-preview:-1"},"canonical":"https:\/\/nosade.com\/de\/agb\/","og_locale":"de_DE","og_type":"article","og_title":"Allgemeine Reisebedingungen - NOSADE","og_description":"Auf die Vertr\u00e4ge zwischen dem Reisenden und der NOSADE GmbH\u00a0finden folgende Bedingungen Anwendung. 1. Reisebest\u00e4tigung, Vertragsgrundlagen 1.1. Mit der","og_url":"https:\/\/nosade.com\/de\/agb\/","og_site_name":"NOSADE","article_modified_time":"2022-06-10T08:36:36+00:00","twitter_misc":{"Gesch\u00e4tzte Lesezeit":"6\u00a0Minuten"},"schema":{"@context":"https:\/\/schema.org","@graph":[{"@type":"WebPage","@id":"https:\/\/nosade.com\/de\/agb\/","url":"https:\/\/nosade.com\/de\/agb\/","name":"Allgemeine Reisebedingungen - NOSADE","isPartOf":{"@id":"https:\/\/nosade.com\/de\/#website"},"datePublished":"2015-02-10T10:59:02+00:00","dateModified":"2022-06-10T08:36:36+00:00","description":"Auf die Vertr\u00e4ge zwischen dem Reisenden und der NOSADE GmbH\u00a0finden folgende Bedingungen Anwendung. 1. Reisebest\u00e4tigung, Vertragsgrundlagen 1.1. Mit der","breadcrumb":{"@id":"https:\/\/nosade.com\/de\/agb\/#breadcrumb"},"inLanguage":"de","potentialAction":[{"@type":"ReadAction","target":["https:\/\/nosade.com\/de\/agb\/"]}]},{"@type":"BreadcrumbList","@id":"https:\/\/nosade.com\/de\/agb\/#breadcrumb","itemListElement":[{"@type":"ListItem","position":1,"name":"Home","item":"https:\/\/nosade.com\/de\/"},{"@type":"ListItem","position":2,"name":"Allgemeine Reisebedingungen"}]},{"@type":"WebSite","@id":"https:\/\/nosade.com\/de\/#website","url":"https:\/\/nosade.com\/de\/","name":"NOSADE","description":"Yoga Reisen & Sahara W\u00fcstentouren f\u00fcr Nomadenherzen","potentialAction":[{"@type":"SearchAction","target":{"@type":"EntryPoint","urlTemplate":"https:\/\/nosade.com\/de\/?s={search_term_string}"},"query-input":{"@type":"PropertyValueSpecification","valueRequired":true,"valueName":"search_term_string"}}],"inLanguage":"de"}]}},"_links":{"self":[{"href":"https:\/\/nosade.com\/de\/wp-json\/wp\/v2\/pages\/262","targetHints":{"allow":["GET"]}}],"collection":[{"href":"https:\/\/nosade.com\/de\/wp-json\/wp\/v2\/pages"}],"about":[{"href":"https:\/\/nosade.com\/de\/wp-json\/wp\/v2\/types\/page"}],"author":[{"embeddable":true,"href":"https:\/\/nosade.com\/de\/wp-json\/wp\/v2\/users\/1"}],"replies":[{"embeddable":true,"href":"https:\/\/nosade.com\/de\/wp-json\/wp\/v2\/comments?post=262"}],"version-history":[{"count":5,"href":"https:\/\/nosade.com\/de\/wp-json\/wp\/v2\/pages\/262\/revisions"}],"predecessor-version":[{"id":13275,"href":"https:\/\/nosade.com\/de\/wp-json\/wp\/v2\/pages\/262\/revisions\/13275"}],"wp:attachment":[{"href":"https:\/\/nosade.com\/de\/wp-json\/wp\/v2\/media?parent=262"}],"curies":[{"name":"wp","href":"https:\/\/api.w.org\/{rel}","templated":true}]}}